{"id":1738,"date":"2025-07-30T19:21:52","date_gmt":"2025-07-30T17:21:52","guid":{"rendered":"https:\/\/oruslogistics.es\/politique-de-confidentialite\/"},"modified":"2025-10-24T22:29:56","modified_gmt":"2025-10-24T20:29:56","slug":"politique-de-confidentialite","status":"publish","type":"page","link":"https:\/\/oruslogistics.es\/fr\/politique-de-confidentialite\/","title":{"rendered":"Politique de confidentialit\u00e9"},"content":{"rendered":"[vc_row type=\u00a0\u00bbin_container\u00a0\u00bb full_screen_row_position=\u00a0\u00bbmiddle\u00a0\u00bb column_margin=\u00a0\u00bbdefault\u00a0\u00bb column_direction=\u00a0\u00bbdefault\u00a0\u00bb column_direction_tablet=\u00a0\u00bbdefault\u00a0\u00bb column_direction_phone=\u00a0\u00bbdefault\u00a0\u00bb scene_position=\u00a0\u00bbcenter\u00a0\u00bb text_color=\u00a0\u00bbdark\u00a0\u00bb text_align=\u00a0\u00bbleft\u00a0\u00bb row_border_radius=\u00a0\u00bbnone\u00a0\u00bb row_border_radius_applies=\u00a0\u00bbbg\u00a0\u00bb overflow=\u00a0\u00bbvisible\u00a0\u00bb overlay_strength=\u00a0\u00bb0.3&Prime; gradient_direction=\u00a0\u00bbleft_to_right\u00a0\u00bb shape_divider_position=\u00a0\u00bbbottom\u00a0\u00bb bg_image_animation=\u00a0\u00bbnone\u00a0\u00bb][vc_column column_padding=\u00a0\u00bbno-extra-padding\u00a0\u00bb column_padding_tablet=\u00a0\u00bbinherit\u00a0\u00bb column_padding_phone=\u00a0\u00bbinherit\u00a0\u00bb column_padding_position=\u00a0\u00bball\u00a0\u00bb column_element_direction_desktop=\u00a0\u00bbdefault\u00a0\u00bb column_element_spacing=\u00a0\u00bbdefault\u00a0\u00bb desktop_text_alignment=\u00a0\u00bbdefault\u00a0\u00bb tablet_text_alignment=\u00a0\u00bbdefault\u00a0\u00bb phone_text_alignment=\u00a0\u00bbdefault\u00a0\u00bb background_color_opacity=\u00a0\u00bb1&Prime; background_hover_color_opacity=\u00a0\u00bb1&Prime; column_backdrop_filter=\u00a0\u00bbnone\u00a0\u00bb column_shadow=\u00a0\u00bbnone\u00a0\u00bb column_border_radius=\u00a0\u00bbnone\u00a0\u00bb column_link_target=\u00a0\u00bb_self\u00a0\u00bb column_position=\u00a0\u00bbdefault\u00a0\u00bb gradient_direction=\u00a0\u00bbleft_to_right\u00a0\u00bb overlay_strength=\u00a0\u00bb0.3&Prime; width=\u00a0\u00bb1\/6&Prime; tablet_width_inherit=\u00a0\u00bbdefault\u00a0\u00bb animation_type=\u00a0\u00bbdefault\u00a0\u00bb bg_image_animation=\u00a0\u00bbnone\u00a0\u00bb border_type=\u00a0\u00bbsimple\u00a0\u00bb column_border_width=\u00a0\u00bbnone\u00a0\u00bb column_border_style=\u00a0\u00bbsolid\u00a0\u00bb][\/vc_column][vc_column column_padding=\u00a0\u00bbno-extra-padding\u00a0\u00bb column_padding_tablet=\u00a0\u00bbinherit\u00a0\u00bb column_padding_phone=\u00a0\u00bbinherit\u00a0\u00bb column_padding_position=\u00a0\u00bball\u00a0\u00bb column_element_direction_desktop=\u00a0\u00bbdefault\u00a0\u00bb column_element_spacing=\u00a0\u00bbdefault\u00a0\u00bb desktop_text_alignment=\u00a0\u00bbdefault\u00a0\u00bb tablet_text_alignment=\u00a0\u00bbdefault\u00a0\u00bb phone_text_alignment=\u00a0\u00bbdefault\u00a0\u00bb background_color_opacity=\u00a0\u00bb1&Prime; background_hover_color_opacity=\u00a0\u00bb1&Prime; column_backdrop_filter=\u00a0\u00bbnone\u00a0\u00bb column_shadow=\u00a0\u00bbnone\u00a0\u00bb column_border_radius=\u00a0\u00bbnone\u00a0\u00bb column_link_target=\u00a0\u00bb_self\u00a0\u00bb column_position=\u00a0\u00bbdefault\u00a0\u00bb gradient_direction=\u00a0\u00bbleft_to_right\u00a0\u00bb overlay_strength=\u00a0\u00bb0.3&Prime; width=\u00a0\u00bb2\/3&Prime; tablet_width_inherit=\u00a0\u00bbdefault\u00a0\u00bb animation_type=\u00a0\u00bbdefault\u00a0\u00bb bg_image_animation=\u00a0\u00bbnone\u00a0\u00bb border_type=\u00a0\u00bbsimple\u00a0\u00bb column_border_width=\u00a0\u00bbnone\u00a0\u00bb column_border_style=\u00a0\u00bbsolid\u00a0\u00bb][vc_custom_heading source=\u00a0\u00bbpost_title\u00a0\u00bb font_container=\u00a0\u00bbtag:h1|text_align:left|color:%23121114&Prime; use_theme_fonts=\u00a0\u00bbyes\u00a0\u00bb css=\u00a0\u00bb\u00a0\u00bb][vc_column_text css=\u00a0\u00bb\u00a0\u00bb text_direction=\u00a0\u00bbdefault\u00a0\u00bb]\n<p><em>Derni\u00e8re mise \u00e0 jour : 16 septembre 2024<\/em><\/p>\n<h2>Responsable du traitement des donn\u00e9es<\/h2>\n<p>Le responsable du traitement des donn\u00e9es personnelles collect\u00e9es via ce site web est VIRGIN MARKET S.L.U., CIF B72458227, dont le si\u00e8ge social est situ\u00e9 Camino de Adra n\u00ba5, 04700 El Ejido, Almer\u00eda. Vous pouvez nous contacter par email \u00e0 l\u2019adresse suivante : <a href=\"mailto:orus@oruslogistics.es\">orus@oruslogistics.es<\/a>.<\/p>\n<p>D\u00e9l\u00e9gu\u00e9 \u00e0 la Protection des Donn\u00e9es (DPO) : VIRGIN MARKET SLU, NIF B-72458227, domicili\u00e9e Camino de Adra, n\u00ba5, 04700 \u2013 El Ejido (Almer\u00eda), email de contact <a href=\"mailto:orus@oruslogistics.es\">orus@oruslogistics.es<\/a>.<\/p>\n<h2>Donn\u00e9es personnelles que nous collectons<\/h2>\n<p>Nous collectons les donn\u00e9es personnelles que vous nous fournissez directement lors de l\u2019utilisation de nos services. Ces donn\u00e9es peuvent inclure :<\/p>\n<p>&#8211; Donn\u00e9es de contact : nom, adresse, num\u00e9ro de t\u00e9l\u00e9phone, adresse email.  <br \/>&#8211; Donn\u00e9es n\u00e9cessaires \u00e0 la prestation des services, telles que des informations sur les chargements, destinataires, transporteurs et toute autre donn\u00e9e pertinente pour la gestion du transport.  <br \/>&#8211; Donn\u00e9es \u00e9conomiques et bancaires : informations n\u00e9cessaires \u00e0 la facturation et aux paiements.  <br \/>&#8211; Donn\u00e9es de sant\u00e9 et situation financi\u00e8re : uniquement si cela est n\u00e9cessaire \u00e0 l\u2019ex\u00e9cution des services contract\u00e9s.  <br \/>&#8211; Autres donn\u00e9es d\u2019identification ou sensibles, selon le service requis.  <\/p>\n<h2>Finalit\u00e9 du traitement des donn\u00e9es<\/h2>\n<p>Les donn\u00e9es personnelles collect\u00e9es sont trait\u00e9es pour les finalit\u00e9s suivantes :<\/p>\n<p>&#8211; G\u00e9rer l\u2019octroi et la validit\u00e9 de la licence d\u2019utilisation du logiciel ORUS LOGISTICS\u00ae.  <br \/>&#8211; Faciliter la prestation des services contract\u00e9s, y compris l\u2019affichage en temps r\u00e9el des informations relatives aux chargements et la communication entre utilisateurs de la plateforme.  <br \/>&#8211; Facturer et percevoir les montants convenus li\u00e9s aux services fournis.  <br \/>&#8211; Fournir une assistance technique et effectuer les op\u00e9rations de maintenance n\u00e9cessaires au bon fonctionnement de la plateforme.  <br \/>&#8211; Traiter les demandes d\u2019information, r\u00e9clamations et suggestions via les canaux mis \u00e0 disposition par <strong>VIRGIN MARKET<\/strong>.  <br \/>&#8211; Envoyer des informations commerciales relatives \u00e0 <strong>VIRGIN MARKET<\/strong> et \u00e0 ses services, ainsi que des informations commerciales de tiers susceptibles de vous int\u00e9resser.  <br \/>&#8211; G\u00e9rer votre abonnement au blog de <strong>VIRGIN MARKET<\/strong>, afin de vous tenir inform\u00e9 des nouveaut\u00e9s et actualit\u00e9s.  <\/p>\n<h2>Base l\u00e9gale du traitement<\/h2>\n<p>La base l\u00e9gale du traitement de vos donn\u00e9es personnelles repose sur :<\/p>\n<p>&#8211; L\u2019ex\u00e9cution du contrat de prestation de services conclu avec vous.  <br \/>&#8211; Le respect d\u2019obligations l\u00e9gales applicables.  <br \/>&#8211; Votre consentement libre, sp\u00e9cifique, \u00e9clair\u00e9 et sans \u00e9quivoque. Vous pouvez retirer ce consentement \u00e0 tout moment via les moyens mis \u00e0 disposition par <strong>VIRGIN MARKET<\/strong>.  <\/p>\n<h2>Conservation des donn\u00e9es<\/h2>\n<p>Vos donn\u00e9es personnelles seront conserv\u00e9es pendant diff\u00e9rentes dur\u00e9es, en fonction de la finalit\u00e9 du traitement :<\/p>\n<p>&#8211; Donn\u00e9es des clients : conserv\u00e9es le temps n\u00e9cessaire \u00e0 l\u2019ex\u00e9cution du mandat professionnel confi\u00e9. Une fois ce d\u00e9lai \u00e9coul\u00e9, <strong>VIRGIN MARKET<\/strong> pourra les conserver pour se conformer aux obligations l\u00e9gales de conservation.  <br \/>&#8211; Donn\u00e9es bas\u00e9es sur le consentement : conserv\u00e9es tant que vous ne retirez pas votre consentement, via les moyens mis \u00e0 disposition par <strong>VIRGIN MARKET<\/strong>.  <\/p>\n<h2>Destinataires des donn\u00e9es<\/h2>\n<p><strong>VIRGIN MARKET<\/strong> suit des r\u00e8gles \u00e9thiques et respecte votre vie priv\u00e9e. Vos donn\u00e9es personnelles ne seront pas communiqu\u00e9es \u00e0 des tiers, sauf si cela est n\u00e9cessaire pour se conformer \u00e0 une obligation l\u00e9gale ou si vous avez donn\u00e9 votre consentement explicite.  <br \/>\u00c0 titre d\u2019exemple, <strong>VIRGIN MARKET<\/strong> peut \u00eatre l\u00e9galement tenue de communiquer vos donn\u00e9es \u00e0 l\u2019Administration Publique ou \u00e0 d\u2019autres organismes juridictionnels. De plus, dans le cadre de l\u2019ex\u00e9cution du mandat professionnel, nous pourrons communiquer vos donn\u00e9es \u00e0 des entit\u00e9s contre lesquelles des r\u00e9clamations sont introduites, ou aux tribunaux, ainsi qu\u2019\u00e0 d\u2019autres professionnels dont l\u2019intervention est n\u00e9cessaire (avou\u00e9s, notaires, registres, experts, administrateurs judiciaires).  <\/p>\n<p>Par ailleurs, des tiers pourront acc\u00e9der \u00e0 vos donn\u00e9es personnelles pour le compte de <strong>VIRGIN MARKET<\/strong>, uniquement dans le but de fournir les services demand\u00e9s. Ces tiers agiront en tant que sous-traitants et offriront des garanties suffisantes quant \u00e0 la mise en \u0153uvre de mesures techniques et organisationnelles conformes \u00e0 la r\u00e9glementation en vigueur.  <\/p>\n<h2>Utilisation des cookies<\/h2>\n<p><strong>VIRGIN MARKET<\/strong> utilise des cookies sur son site web afin d\u2019enregistrer l\u2019activit\u00e9 des utilisateurs durant leur navigation. L\u2019usage des cookies permet au serveur de <strong>VIRGIN MARKET<\/strong> de reconna\u00eetre le navigateur de l\u2019utilisateur pour faciliter la navigation, vous identifier lors de vos visites sur notre site et pr\u00e9server votre \u00e9tat de connexion. L\u2019utilisateur peut configurer son navigateur afin d\u2019\u00eatre averti de la r\u00e9ception de cookies et d\u2019en emp\u00eacher l\u2019installation.  <\/p>\n<h2>Mesures de s\u00e9curit\u00e9<\/h2>\n<p>Soucieuse de la s\u00e9curit\u00e9 et de la confidentialit\u00e9 de vos donn\u00e9es, <strong>VIRGIN MARKET S.L.U.<\/strong> a adopt\u00e9 les mesures techniques et organisationnelles n\u00e9cessaires pour \u00e9viter la destruction, la perte, l\u2019utilisation abusive, l\u2019alt\u00e9ration accidentelle ou illicite, la communication ou l\u2019acc\u00e8s non autoris\u00e9, ainsi que le vol des donn\u00e9es personnelles fournies.  <\/p>\n<p>Pour les services n\u00e9cessitant un enregistrement, vous devrez choisir un mot de passe. Vous \u00eates responsable de la confidentialit\u00e9 de ce mot de passe et de toutes les activit\u00e9s effectu\u00e9es sous votre identifiant. Vous vous engagez \u00e9galement \u00e0 informer <strong>VIRGIN MARKET<\/strong> dans les plus brefs d\u00e9lais en cas d\u2019utilisation non autoris\u00e9e de votre identifiant\/mot de passe ou de toute faille de s\u00e9curit\u00e9.  <\/p>\n<h2>Droits des personnes concern\u00e9es<\/h2>\n<p>Vous disposez du droit d\u2019acc\u00e9der \u00e0 vos donn\u00e9es personnelles, d\u2019en demander la rectification, la suppression ou la limitation du traitement, ainsi que de vous opposer au traitement et de demander la portabilit\u00e9 de vos donn\u00e9es. Pour exercer ces droits, vous pouvez nous contacter \u00e0 l\u2019adresse <a href=\"mailto:orus@oruslogistics.es\">orus@oruslogistics.es<\/a>, en joignant une copie de votre pi\u00e8ce d\u2019identit\u00e9.  <\/p>\n<p>Vous pouvez \u00e9galement d\u00e9poser une r\u00e9clamation aupr\u00e8s de l\u2019Agence Espagnole de Protection des Donn\u00e9es (AEPD), dont les coordonn\u00e9es sont disponibles sur le site <a href=\"http:\/\/www.aepd.es\">www.aepd.es<\/a>.  <\/p>\n<h2>Modifications de la Politique de confidentialit\u00e9<\/h2>\n<p>Nous nous r\u00e9servons le droit de modifier la pr\u00e9sente Politique de confidentialit\u00e9 \u00e0 tout moment. Toute modification sera communiqu\u00e9e via notre site web ou par d\u2019autres moyens de communication appropri\u00e9s.  <\/p>\n<h2>Loi applicable et juridiction<\/h2>\n<p>La pr\u00e9sente Politique de confidentialit\u00e9 est r\u00e9gie par la l\u00e9gislation espagnole. Tout litige qui pourrait en d\u00e9couler sera soumis \u00e0 la juridiction des Tribunaux d\u2019Almer\u00eda.  <\/p>\n<h2>Liens vers d\u2019autres sites web<\/h2>\n<p>Ce site contient des liens vers d\u2019autres sites web. L\u2019utilisateur doit \u00eatre conscient que VIRGIN MARKET n\u2019est pas responsable des pratiques de confidentialit\u00e9 ni du contenu de ces sites tiers. Nous recommandons aux utilisateurs de lire les politiques de confidentialit\u00e9 de tout site collectant des donn\u00e9es personnelles lorsqu\u2019ils quittent notre site via ces liens.  [\/vc_column_text][\/vc_column][vc_column column_padding=\u00a0\u00bbno-extra-padding\u00a0\u00bb column_padding_tablet=\u00a0\u00bbinherit\u00a0\u00bb column_padding_phone=\u00a0\u00bbinherit\u00a0\u00bb column_padding_position=\u00a0\u00bball\u00a0\u00bb column_element_direction_desktop=\u00a0\u00bbdefault\u00a0\u00bb column_element_spacing=\u00a0\u00bbdefault\u00a0\u00bb desktop_text_alignment=\u00a0\u00bbdefault\u00a0\u00bb tablet_text_alignment=\u00a0\u00bbdefault\u00a0\u00bb phone_text_alignment=\u00a0\u00bbdefault\u00a0\u00bb background_color_opacity=\u00a0\u00bb1&Prime; background_hover_color_opacity=\u00a0\u00bb1&Prime; column_backdrop_filter=\u00a0\u00bbnone\u00a0\u00bb column_shadow=\u00a0\u00bbnone\u00a0\u00bb column_border_radius=\u00a0\u00bbnone\u00a0\u00bb column_link_target=\u00a0\u00bb_self\u00a0\u00bb column_position=\u00a0\u00bbdefault\u00a0\u00bb gradient_direction=\u00a0\u00bbleft_to_right\u00a0\u00bb overlay_strength=\u00a0\u00bb0.3&Prime; width=\u00a0\u00bb1\/6&Prime; tablet_width_inherit=\u00a0\u00bbdefault\u00a0\u00bb animation_type=\u00a0\u00bbdefault\u00a0\u00bb bg_image_animation=\u00a0\u00bbnone\u00a0\u00bb border_type=\u00a0\u00bbsimple\u00a0\u00bb column_border_width=\u00a0\u00bbnone\u00a0\u00bb column_border_style=\u00a0\u00bbsolid\u00a0\u00bb][\/vc_column][\/vc_row]\n","protected":false},"excerpt":{"rendered":"<p>[vc_row type=\u00a0\u00bbin_container\u00a0\u00bb full_screen_row_position=\u00a0\u00bbmiddle\u00a0\u00bb column_margin=\u00a0\u00bbdefault\u00a0\u00bb column_direction=\u00a0\u00bbdefault\u00a0\u00bb column_direction_tablet=\u00a0\u00bbdefault\u00a0\u00bb column_direction_phone=\u00a0\u00bbdefault\u00a0\u00bb scene_position=\u00a0\u00bbcenter\u00a0\u00bb text_color=\u00a0\u00bbdark\u00a0\u00bb text_align=\u00a0\u00bbleft\u00a0\u00bb row_border_radius=\u00a0\u00bbnone\u00a0\u00bb row_border_radius_applies=\u00a0\u00bbbg\u00a0\u00bb overflow=\u00a0\u00bbvisible\u00a0\u00bb overlay_strength=\u00a0\u00bb0.3&Prime; gradient_direction=\u00a0\u00bbleft_to_right\u00a0\u00bb shape_divider_position=\u00a0\u00bbbottom\u00a0\u00bb bg_image_animation=\u00a0\u00bbnone\u00a0\u00bb][vc_column column_padding=\u00a0\u00bbno-extra-padding\u00a0\u00bb column_padding_tablet=\u00a0\u00bbinherit\u00a0\u00bb column_padding_phone=\u00a0\u00bbinherit\u00a0\u00bb column_padding_position=\u00a0\u00bball\u00a0\u00bb column_element_direction_desktop=\u00a0\u00bbdefault\u00a0\u00bb column_element_spacing=\u00a0\u00bbdefault\u00a0\u00bb desktop_text_alignment=\u00a0\u00bbdefault\u00a0\u00bb tablet_text_alignment=\u00a0\u00bbdefault\u00a0\u00bb phone_text_alignment=\u00a0\u00bbdefault\u00a0\u00bb background_color_opacity=\u00a0\u00bb1&Prime; background_hover_color_opacity=\u00a0\u00bb1&Prime; column_backdrop_filter=\u00a0\u00bbnone\u00a0\u00bb column_shadow=\u00a0\u00bbnone\u00a0\u00bb&#8230;<\/p>\n","protected":false},"author":1,"featured_media":0,"parent":0,"menu_order":0,"comment_status":"closed","ping_status":"closed","template":"","meta":{"inline_featured_image":false,"footnotes":""},"class_list":["post-1738","page","type-page","status-publish"],"yoast_head":"<!-- This site is optimized with the Yoast SEO Premium plugin v27.2 (Yoast SEO v27.5) - https:\/\/yoast.com\/product\/yoast-seo-premium-wordpress\/ -->\n<title>Politique de confidentialit\u00e9 - Orus logistics<\/title>\n<meta name=\"description\" content=\"D\u00e9couvrez comment ORUS Logistics prot\u00e8ge vos donn\u00e9es personnelles et respecte le RGPD. Des informations claires, un usage responsable et sans surprises.\" \/>\n<meta name=\"robots\" content=\"index, follow, max-snippet:-1, max-image-preview:large, max-video-preview:-1\" \/>\n<link rel=\"canonical\" href=\"https:\/\/oruslogistics.es\/fr\/politique-de-confidentialite\/\" \/>\n<meta property=\"og:locale\" content=\"fr_FR\" \/>\n<meta property=\"og:type\" content=\"article\" \/>\n<meta property=\"og:title\" content=\"Politique de confidentialit\u00e9\" \/>\n<meta property=\"og:description\" content=\"D\u00e9couvrez comment ORUS Logistics prot\u00e8ge vos donn\u00e9es personnelles et respecte le RGPD. Des informations claires, un usage responsable et sans surprises.\" \/>\n<meta property=\"og:url\" content=\"https:\/\/oruslogistics.es\/fr\/politique-de-confidentialite\/\" \/>\n<meta property=\"og:site_name\" content=\"Orus logistics\" \/>\n<meta property=\"article:modified_time\" content=\"2025-10-24T20:29:56+00:00\" \/>\n<meta name=\"twitter:card\" content=\"summary_large_image\" \/>\n<meta name=\"twitter:label1\" content=\"Dur\u00e9e de lecture estim\u00e9e\" \/>\n\t<meta name=\"twitter:data1\" content=\"8 minutes\" \/>\n<script type=\"application\/ld+json\" class=\"yoast-schema-graph\">{\"@context\":\"https:\\\/\\\/schema.org\",\"@graph\":[{\"@type\":\"WebPage\",\"@id\":\"https:\\\/\\\/oruslogistics.es\\\/fr\\\/politique-de-confidentialite\\\/\",\"url\":\"https:\\\/\\\/oruslogistics.es\\\/fr\\\/politique-de-confidentialite\\\/\",\"name\":\"Politique de confidentialit\u00e9 - Orus logistics\",\"isPartOf\":{\"@id\":\"https:\\\/\\\/oruslogistics.es\\\/fr\\\/#website\"},\"datePublished\":\"2025-07-30T17:21:52+00:00\",\"dateModified\":\"2025-10-24T20:29:56+00:00\",\"description\":\"D\u00e9couvrez comment ORUS Logistics prot\u00e8ge vos donn\u00e9es personnelles et respecte le RGPD. Des informations claires, un usage responsable et sans surprises.\",\"breadcrumb\":{\"@id\":\"https:\\\/\\\/oruslogistics.es\\\/fr\\\/politique-de-confidentialite\\\/#breadcrumb\"},\"inLanguage\":\"fr-FR\",\"potentialAction\":[{\"@type\":\"ReadAction\",\"target\":[\"https:\\\/\\\/oruslogistics.es\\\/fr\\\/politique-de-confidentialite\\\/\"]}]},{\"@type\":\"BreadcrumbList\",\"@id\":\"https:\\\/\\\/oruslogistics.es\\\/fr\\\/politique-de-confidentialite\\\/#breadcrumb\",\"itemListElement\":[{\"@type\":\"ListItem\",\"position\":1,\"name\":\"Portada\",\"item\":\"https:\\\/\\\/oruslogistics.es\\\/fr\\\/\"},{\"@type\":\"ListItem\",\"position\":2,\"name\":\"Politique de confidentialit\u00e9\"}]},{\"@type\":\"WebSite\",\"@id\":\"https:\\\/\\\/oruslogistics.es\\\/fr\\\/#website\",\"url\":\"https:\\\/\\\/oruslogistics.es\\\/fr\\\/\",\"name\":\"Orus logistics\",\"description\":\"\",\"publisher\":{\"@id\":\"https:\\\/\\\/oruslogistics.es\\\/fr\\\/#organization\"},\"potentialAction\":[{\"@type\":\"SearchAction\",\"target\":{\"@type\":\"EntryPoint\",\"urlTemplate\":\"https:\\\/\\\/oruslogistics.es\\\/fr\\\/?s={search_term_string}\"},\"query-input\":{\"@type\":\"PropertyValueSpecification\",\"valueRequired\":true,\"valueName\":\"search_term_string\"}}],\"inLanguage\":\"fr-FR\"},{\"@type\":\"Organization\",\"@id\":\"https:\\\/\\\/oruslogistics.es\\\/fr\\\/#organization\",\"name\":\"Orus logistics\",\"url\":\"https:\\\/\\\/oruslogistics.es\\\/fr\\\/\",\"logo\":{\"@type\":\"ImageObject\",\"inLanguage\":\"fr-FR\",\"@id\":\"https:\\\/\\\/oruslogistics.es\\\/fr\\\/#\\\/schema\\\/logo\\\/image\\\/\",\"url\":\"https:\\\/\\\/oruslogistics.es\\\/wp-content\\\/uploads\\\/2025\\\/07\\\/logo-1.webp\",\"contentUrl\":\"https:\\\/\\\/oruslogistics.es\\\/wp-content\\\/uploads\\\/2025\\\/07\\\/logo-1.webp\",\"width\":500,\"height\":250,\"caption\":\"Orus logistics\"},\"image\":{\"@id\":\"https:\\\/\\\/oruslogistics.es\\\/fr\\\/#\\\/schema\\\/logo\\\/image\\\/\"}}]}<\/script>\n<!-- \/ Yoast SEO Premium plugin. -->","yoast_head_json":{"title":"Politique de confidentialit\u00e9 - Orus logistics","description":"D\u00e9couvrez comment ORUS Logistics prot\u00e8ge vos donn\u00e9es personnelles et respecte le RGPD. Des informations claires, un usage responsable et sans surprises.","robots":{"index":"index","follow":"follow","max-snippet":"max-snippet:-1","max-image-preview":"max-image-preview:large","max-video-preview":"max-video-preview:-1"},"canonical":"https:\/\/oruslogistics.es\/fr\/politique-de-confidentialite\/","og_locale":"fr_FR","og_type":"article","og_title":"Politique de confidentialit\u00e9","og_description":"D\u00e9couvrez comment ORUS Logistics prot\u00e8ge vos donn\u00e9es personnelles et respecte le RGPD. Des informations claires, un usage responsable et sans surprises.","og_url":"https:\/\/oruslogistics.es\/fr\/politique-de-confidentialite\/","og_site_name":"Orus logistics","article_modified_time":"2025-10-24T20:29:56+00:00","twitter_card":"summary_large_image","twitter_misc":{"Dur\u00e9e de lecture estim\u00e9e":"8 minutes"},"schema":{"@context":"https:\/\/schema.org","@graph":[{"@type":"WebPage","@id":"https:\/\/oruslogistics.es\/fr\/politique-de-confidentialite\/","url":"https:\/\/oruslogistics.es\/fr\/politique-de-confidentialite\/","name":"Politique de confidentialit\u00e9 - Orus logistics","isPartOf":{"@id":"https:\/\/oruslogistics.es\/fr\/#website"},"datePublished":"2025-07-30T17:21:52+00:00","dateModified":"2025-10-24T20:29:56+00:00","description":"D\u00e9couvrez comment ORUS Logistics prot\u00e8ge vos donn\u00e9es personnelles et respecte le RGPD. Des informations claires, un usage responsable et sans surprises.","breadcrumb":{"@id":"https:\/\/oruslogistics.es\/fr\/politique-de-confidentialite\/#breadcrumb"},"inLanguage":"fr-FR","potentialAction":[{"@type":"ReadAction","target":["https:\/\/oruslogistics.es\/fr\/politique-de-confidentialite\/"]}]},{"@type":"BreadcrumbList","@id":"https:\/\/oruslogistics.es\/fr\/politique-de-confidentialite\/#breadcrumb","itemListElement":[{"@type":"ListItem","position":1,"name":"Portada","item":"https:\/\/oruslogistics.es\/fr\/"},{"@type":"ListItem","position":2,"name":"Politique de confidentialit\u00e9"}]},{"@type":"WebSite","@id":"https:\/\/oruslogistics.es\/fr\/#website","url":"https:\/\/oruslogistics.es\/fr\/","name":"Orus logistics","description":"","publisher":{"@id":"https:\/\/oruslogistics.es\/fr\/#organization"},"potentialAction":[{"@type":"SearchAction","target":{"@type":"EntryPoint","urlTemplate":"https:\/\/oruslogistics.es\/fr\/?s={search_term_string}"},"query-input":{"@type":"PropertyValueSpecification","valueRequired":true,"valueName":"search_term_string"}}],"inLanguage":"fr-FR"},{"@type":"Organization","@id":"https:\/\/oruslogistics.es\/fr\/#organization","name":"Orus logistics","url":"https:\/\/oruslogistics.es\/fr\/","logo":{"@type":"ImageObject","inLanguage":"fr-FR","@id":"https:\/\/oruslogistics.es\/fr\/#\/schema\/logo\/image\/","url":"https:\/\/oruslogistics.es\/wp-content\/uploads\/2025\/07\/logo-1.webp","contentUrl":"https:\/\/oruslogistics.es\/wp-content\/uploads\/2025\/07\/logo-1.webp","width":500,"height":250,"caption":"Orus logistics"},"image":{"@id":"https:\/\/oruslogistics.es\/fr\/#\/schema\/logo\/image\/"}}]}},"_links":{"self":[{"href":"https:\/\/oruslogistics.es\/fr\/wp-json\/wp\/v2\/pages\/1738","targetHints":{"allow":["GET"]}}],"collection":[{"href":"https:\/\/oruslogistics.es\/fr\/wp-json\/wp\/v2\/pages"}],"about":[{"href":"https:\/\/oruslogistics.es\/fr\/wp-json\/wp\/v2\/types\/page"}],"author":[{"embeddable":true,"href":"https:\/\/oruslogistics.es\/fr\/wp-json\/wp\/v2\/users\/1"}],"replies":[{"embeddable":true,"href":"https:\/\/oruslogistics.es\/fr\/wp-json\/wp\/v2\/comments?post=1738"}],"version-history":[{"count":0,"href":"https:\/\/oruslogistics.es\/fr\/wp-json\/wp\/v2\/pages\/1738\/revisions"}],"wp:attachment":[{"href":"https:\/\/oruslogistics.es\/fr\/wp-json\/wp\/v2\/media?parent=1738"}],"curies":[{"name":"wp","href":"https:\/\/api.w.org\/{rel}","templated":true}]}}