{"id":1735,"date":"2025-07-30T19:07:38","date_gmt":"2025-07-30T17:07:38","guid":{"rendered":"https:\/\/oruslogistics.es\/politique-de-cookies\/"},"modified":"2025-09-16T20:41:21","modified_gmt":"2025-09-16T18:41:21","slug":"politique-de-cookies","status":"publish","type":"page","link":"https:\/\/oruslogistics.es\/fr\/politique-de-cookies\/","title":{"rendered":"Politique de cookies"},"content":{"rendered":"[vc_row type=\u00a0\u00bbin_container\u00a0\u00bb full_screen_row_position=\u00a0\u00bbmiddle\u00a0\u00bb column_margin=\u00a0\u00bbdefault\u00a0\u00bb column_direction=\u00a0\u00bbdefault\u00a0\u00bb column_direction_tablet=\u00a0\u00bbdefault\u00a0\u00bb column_direction_phone=\u00a0\u00bbdefault\u00a0\u00bb scene_position=\u00a0\u00bbcenter\u00a0\u00bb text_color=\u00a0\u00bbdark\u00a0\u00bb text_align=\u00a0\u00bbleft\u00a0\u00bb row_border_radius=\u00a0\u00bbnone\u00a0\u00bb row_border_radius_applies=\u00a0\u00bbbg\u00a0\u00bb overflow=\u00a0\u00bbvisible\u00a0\u00bb overlay_strength=\u00a0\u00bb0.3&Prime; gradient_direction=\u00a0\u00bbleft_to_right\u00a0\u00bb shape_divider_position=\u00a0\u00bbbottom\u00a0\u00bb bg_image_animation=\u00a0\u00bbnone\u00a0\u00bb][vc_column column_padding=\u00a0\u00bbno-extra-padding\u00a0\u00bb column_padding_tablet=\u00a0\u00bbinherit\u00a0\u00bb column_padding_phone=\u00a0\u00bbinherit\u00a0\u00bb column_padding_position=\u00a0\u00bball\u00a0\u00bb column_element_direction_desktop=\u00a0\u00bbdefault\u00a0\u00bb column_element_spacing=\u00a0\u00bbdefault\u00a0\u00bb desktop_text_alignment=\u00a0\u00bbdefault\u00a0\u00bb tablet_text_alignment=\u00a0\u00bbdefault\u00a0\u00bb phone_text_alignment=\u00a0\u00bbdefault\u00a0\u00bb background_color_opacity=\u00a0\u00bb1&Prime; background_hover_color_opacity=\u00a0\u00bb1&Prime; column_backdrop_filter=\u00a0\u00bbnone\u00a0\u00bb column_shadow=\u00a0\u00bbnone\u00a0\u00bb column_border_radius=\u00a0\u00bbnone\u00a0\u00bb column_link_target=\u00a0\u00bb_self\u00a0\u00bb column_position=\u00a0\u00bbdefault\u00a0\u00bb gradient_direction=\u00a0\u00bbleft_to_right\u00a0\u00bb overlay_strength=\u00a0\u00bb0.3&Prime; width=\u00a0\u00bb1\/6&Prime; tablet_width_inherit=\u00a0\u00bbdefault\u00a0\u00bb animation_type=\u00a0\u00bbdefault\u00a0\u00bb bg_image_animation=\u00a0\u00bbnone\u00a0\u00bb border_type=\u00a0\u00bbsimple\u00a0\u00bb column_border_width=\u00a0\u00bbnone\u00a0\u00bb column_border_style=\u00a0\u00bbsolid\u00a0\u00bb][\/vc_column][vc_column column_padding=\u00a0\u00bbno-extra-padding\u00a0\u00bb column_padding_tablet=\u00a0\u00bbinherit\u00a0\u00bb column_padding_phone=\u00a0\u00bbinherit\u00a0\u00bb column_padding_position=\u00a0\u00bball\u00a0\u00bb column_element_direction_desktop=\u00a0\u00bbdefault\u00a0\u00bb column_element_spacing=\u00a0\u00bbdefault\u00a0\u00bb desktop_text_alignment=\u00a0\u00bbdefault\u00a0\u00bb tablet_text_alignment=\u00a0\u00bbdefault\u00a0\u00bb phone_text_alignment=\u00a0\u00bbdefault\u00a0\u00bb background_color_opacity=\u00a0\u00bb1&Prime; background_hover_color_opacity=\u00a0\u00bb1&Prime; column_backdrop_filter=\u00a0\u00bbnone\u00a0\u00bb column_shadow=\u00a0\u00bbnone\u00a0\u00bb column_border_radius=\u00a0\u00bbnone\u00a0\u00bb column_link_target=\u00a0\u00bb_self\u00a0\u00bb column_position=\u00a0\u00bbdefault\u00a0\u00bb gradient_direction=\u00a0\u00bbleft_to_right\u00a0\u00bb overlay_strength=\u00a0\u00bb0.3&Prime; width=\u00a0\u00bb2\/3&Prime; tablet_width_inherit=\u00a0\u00bbdefault\u00a0\u00bb animation_type=\u00a0\u00bbdefault\u00a0\u00bb bg_image_animation=\u00a0\u00bbnone\u00a0\u00bb border_type=\u00a0\u00bbsimple\u00a0\u00bb column_border_width=\u00a0\u00bbnone\u00a0\u00bb column_border_style=\u00a0\u00bbsolid\u00a0\u00bb][vc_custom_heading source=\u00a0\u00bbpost_title\u00a0\u00bb font_container=\u00a0\u00bbtag:h1|text_align:left|color:%23121114&Prime; use_theme_fonts=\u00a0\u00bbyes\u00a0\u00bb css=\u00a0\u00bb\u00a0\u00bb][vc_column_text]\n<p>Conform\u00e9ment au devoir d\u2019information pr\u00e9vu au paragraphe 2 de l\u2019article 22 de la Loi 34\/2002 du 11 juillet, relative aux Services de la Soci\u00e9t\u00e9 de l\u2019Information et au Commerce \u00c9lectronique (LSSI), nous vous informons de mani\u00e8re claire et pr\u00e9cise de l\u2019utilisation de cookies sur le site web de <b>ORUS Logistics<\/b>, propri\u00e9t\u00e9 de <b>VIRGIN MARKET SLU<\/b>, dont le si\u00e8ge social est Camino de Adra n\u00ba5, 04700 \u2013 El Ejido \u2013 Almer\u00eda, Espagne, et CIF B72458227.<\/p>\n<h2><b>Que sont les cookies ?<\/b><\/h2>\n<p><\/p>\n<p>Les cookies sont de petits fichiers texte que les sites web enregistrent dans le navigateur de l\u2019utilisateur lorsqu\u2019il visite leurs pages. Ces cookies permettent au site de m\u00e9moriser des informations concernant votre visite, comme votre langue pr\u00e9f\u00e9r\u00e9e, vos options de navigation ou des statistiques, afin d\u2019am\u00e9liorer l\u2019exp\u00e9rience utilisateur.<\/p>\n<h2><b>Types de cookies que nous utilisons<\/b><\/h2>\n<p><\/p>\n<p>Selon leur finalit\u00e9, leur gestion ou leur dur\u00e9e, les cookies utilis\u00e9s par ORUS Logistics peuvent \u00eatre class\u00e9s comme suit :<\/p>\n<h3><b>Selon l\u2019entit\u00e9 qui les g\u00e8re :<\/b><\/h3>\n<p><\/p>\n<ul>\n<li style=\"font-weight: 400;\" aria-level=\"1\"><b>Cookies propres<\/b> : envoy\u00e9s et g\u00e9r\u00e9s directement par ORUS Logistics.<\/li>\n<li style=\"font-weight: 400;\" aria-level=\"1\"><b>Cookies tiers<\/b> : g\u00e9r\u00e9s par d\u2019autres entit\u00e9s, telles que des prestataires de services d\u2019analyse ou des r\u00e9seaux sociaux.<\/li>\n<\/ul>\n<h3><b>Selon leur dur\u00e9e :<\/b><\/h3>\n<p><\/p>\n<ul>\n<li style=\"font-weight: 400;\" aria-level=\"1\"><b>Cookies de session<\/b> : expirent \u00e0 la fermeture du navigateur.<\/li>\n<li style=\"font-weight: 400;\" aria-level=\"1\"><b>Cookies persistants<\/b> : stock\u00e9s pour une p\u00e9riode d\u00e9termin\u00e9e, m\u00eame apr\u00e8s la fermeture de la session.<\/li>\n<\/ul>\n<h3><b>Selon leur finalit\u00e9 :<\/b><\/h3>\n<p><\/p>\n<ul>\n<li style=\"font-weight: 400;\" aria-level=\"1\"><b>Cookies techniques<\/b> (exempt\u00e9s) : n\u00e9cessaires au fonctionnement de base du site.<\/li>\n<li style=\"font-weight: 400;\" aria-level=\"1\"><b>Cookies de personnalisation<\/b> : permettent l\u2019acc\u00e8s avec certaines caract\u00e9ristiques (langue, r\u00e9gion, etc.).<\/li>\n<li style=\"font-weight: 400;\" aria-level=\"1\"><b>Cookies analytiques<\/b> : recueillent des donn\u00e9es de navigation de fa\u00e7on anonyme afin d\u2019analyser l\u2019utilisation du site.<\/li>\n<li style=\"font-weight: 400;\" aria-level=\"1\"><b>Cookies publicitaires<\/b> : g\u00e8rent les espaces publicitaires et personnalisent les annonces.<\/li>\n<li style=\"font-weight: 400;\" aria-level=\"1\"><b>Cookies de r\u00e9seaux sociaux<\/b> : utilis\u00e9s par les boutons sociaux ou plugins.<\/li>\n<li style=\"font-weight: 400;\" aria-level=\"1\"><b>Cookies de g\u00e9olocalisation<\/b> : d\u00e9tectent la localisation g\u00e9ographique approximative de l\u2019utilisateur.<\/li>\n<\/ul>\n<h2><b>Utilisation des cookies sur ORUS Logistics<\/b><\/h2>\n<p><\/p>\n<p>Lors de votre premi\u00e8re visite sur notre site, un bandeau vous permettra d\u2019accepter, de refuser ou de configurer les cookies utilis\u00e9s. Seules les cookies non exempt\u00e9s seront install\u00e9es si vous donnez votre consentement explicite.<\/p>\n<p><\/p>\n<p>Vous pouvez g\u00e9rer vos pr\u00e9f\u00e9rences \u00e0 tout moment depuis le panneau de configuration accessible dans le bandeau ou en pied de page du site.<\/p>\n<h2><b>Comment d\u00e9sactiver ou supprimer les cookies ?<\/b><\/h2>\n<p><\/p>\n<p>Vous pouvez restreindre, bloquer ou supprimer les cookies depuis votre navigateur :<\/p>\n<p><\/p>\n<ul>\n<li style=\"font-weight: 400;\" aria-level=\"1\"><a href=\"https:\/\/support.google.com\/chrome\/answer\/95647\">Google Chrome<\/a><\/li>\n<li style=\"font-weight: 400;\" aria-level=\"1\"><a href=\"https:\/\/support.mozilla.org\/fr\/kb\/effacer-cookies-supprimer-infos-sites\">Mozilla Firefox<\/a><\/li>\n<li style=\"font-weight: 400;\" aria-level=\"1\"><a href=\"https:\/\/support.apple.com\/fr-fr\/HT201265\">Safari<\/a><\/li>\n<li style=\"font-weight: 400;\" aria-level=\"1\"><a href=\"https:\/\/support.microsoft.com\/fr-fr\/help\/4027947\/windows-delete-cookies\">Microsoft Edge<\/a><\/li>\n<\/ul>\n<p><\/p>\n<p>Veuillez noter qu\u2019en d\u00e9sactivant certains cookies, certaines fonctionnalit\u00e9s du site peuvent \u00eatre limit\u00e9es.<\/p>\n<h2><b>Cookies des r\u00e9seaux sociaux<\/b><\/h2>\n<p><\/p>\n<p>Le site web d\u2019ORUS Logistics int\u00e8gre des fonctionnalit\u00e9s de r\u00e9seaux sociaux (LinkedIn, YouTube, etc.), dont les cookies sont g\u00e9r\u00e9s par les plateformes elles-m\u00eames. Nous vous recommandons de consulter leurs politiques de cookies respectives :<\/p>\n<p><\/p>\n<ul>\n<li style=\"font-weight: 400;\" aria-level=\"1\"><a href=\"https:\/\/www.linkedin.com\/legal\/cookie-policy\">Politique de cookies de LinkedIn<\/a><\/li>\n<li style=\"font-weight: 400;\" aria-level=\"1\"><a href=\"https:\/\/policies.google.com\/technologies\/cookies\">Politique de cookies de YouTube\/Google<\/a><\/li>\n<\/ul>\n<h2><b>Cookies utilis\u00e9s sur le site<\/b><\/h2>\n<p><\/p>\n<p>Le site peut utiliser des cookies fournis par des outils d\u2019analyse (tels que Google Analytics, Hotjar ou HubSpot), de gestion publicitaire (Google Ads, LinkedIn Ads) ou d\u2019int\u00e9gration de formulaires. Ces cookies peuvent inclure :<\/p>\n<p><b>N\u00e9cessaires (exempt\u00e9s) :<\/b><\/p>\n<p><\/p>\n<table>\n<tbody>\n<tr>\n<td><b>Nom du cookie<\/b><\/td>\n<td><b>Fournisseur<\/b><\/td>\n<td><b>Finalit\u00e9<\/b><\/td>\n<td><b>Dur\u00e9e<\/b><\/td>\n<td><b>Type<\/b><\/td>\n<\/tr>\n<tr>\n<td>CookieConsent<\/td>\n<td>oruslogistics.com<\/td>\n<td>Enregistre l\u2019\u00e9tat du consentement de l\u2019utilisateur<\/td>\n<td>1 an<\/td>\n<td>HTTP Cookie<\/td>\n<\/tr>\n<tr>\n<td>__cf_bm<\/td>\n<td>Cloudflare<\/td>\n<td>Distingue les humains des robots afin de prot\u00e9ger le site<\/td>\n<td>1 jour<\/td>\n<td>HTTP Cookie<\/td>\n<\/tr>\n<tr>\n<td>rc::a<\/td>\n<td>Google<\/td>\n<td>D\u00e9tecte les comportements suspects pour \u00e9viter les attaques automatiques<\/td>\n<td>Persistant<\/td>\n<td>Local Storage<\/td>\n<\/tr>\n<tr>\n<td>embed\/v3\/counters.gif<\/td>\n<td>HubSpot<\/td>\n<td>Garantit le fonctionnement des formulaires int\u00e9gr\u00e9s<\/td>\n<td>Session<\/td>\n<td>Pixel Tracker<\/td>\n<\/tr>\n<\/tbody>\n<\/table>\n<p><b>Pr\u00e9f\u00e9rences et statistiques :<\/b><\/p>\n<p><\/p>\n<table>\n<tbody>\n<tr>\n<td><b>Nom du cookie<\/b><\/td>\n<td><b>Fournisseur<\/b><\/td>\n<td><b>Finalit\u00e9<\/b><\/td>\n<td><b>Dur\u00e9e<\/b><\/td>\n<td><b>Type<\/b><\/td>\n<\/tr>\n<tr>\n<td>_ga<\/td>\n<td>Google Analytics<\/td>\n<td>G\u00e9n\u00e8re un ID anonyme pour analyser l\u2019utilisation du site<\/td>\n<td>2 ans<\/td>\n<td>HTTP Cookie<\/td>\n<\/tr>\n<tr>\n<td>_hjSessionUser_#<\/td>\n<td>Hotjar<\/td>\n<td>Enregistre un ID unique par utilisateur pour analyses statistiques<\/td>\n<td>1 an<\/td>\n<td>HTTP Cookie<\/td>\n<\/tr>\n<tr>\n<td>__hstc<\/td>\n<td>HubSpot<\/td>\n<td>Suit les visiteurs \u00e0 des fins d\u2019analyse et de marketing<\/td>\n<td>180 jours<\/td>\n<td>HTTP Cookie<\/td>\n<\/tr>\n<tr>\n<td>li_gc<\/td>\n<td>LinkedIn<\/td>\n<td>Enregistre l\u2019\u00e9tat du consentement sur la plateforme LinkedIn<\/td>\n<td>6 mois<\/td>\n<td>HTTP Cookie<\/td>\n<\/tr>\n<\/tbody>\n<\/table>\n<p><b>Marketing et publicit\u00e9 :<\/b><\/p>\n<p><\/p>\n<table>\n<tbody>\n<tr>\n<td><b>Nom du cookie<\/b><\/td>\n<td><b>Fournisseur<\/b><\/td>\n<td><b>Finalit\u00e9<\/b><\/td>\n<td><b>Dur\u00e9e<\/b><\/td>\n<td><b>Type<\/b><\/td>\n<\/tr>\n<tr>\n<td>__fbp<\/td>\n<td>Facebook<\/td>\n<td>Affiche des annonces pertinentes aux visiteurs du site<\/td>\n<td>3 mois<\/td>\n<td>HTTP Cookie<\/td>\n<\/tr>\n<tr>\n<td>IDE<\/td>\n<td>Google DoubleClick<\/td>\n<td>Mesure l\u2019efficacit\u00e9 des annonces et adapte le contenu selon le comportement<\/td>\n<td>1 an<\/td>\n<td>HTTP Cookie<\/td>\n<\/tr>\n<tr>\n<td>UserMatchHistory<\/td>\n<td>LinkedIn<\/td>\n<td>Suit les visiteurs \u00e0 des fins publicitaires et de retargeting<\/td>\n<td>30 jours<\/td>\n<td>HTTP Cookie<\/td>\n<\/tr>\n<tr>\n<td>hubspotutk<\/td>\n<td>HubSpot<\/td>\n<td>Permet de lier les formulaires \u00e0 des utilisateurs sp\u00e9cifiques pour les campagnes<\/td>\n<td>Persistant<\/td>\n<td>Local Storage<\/td>\n<\/tr>\n<\/tbody>\n<\/table>\n<p>Vous pouvez consulter la liste compl\u00e8te et actualis\u00e9e des cookies utilis\u00e9s, leurs responsables, finalit\u00e9s, dur\u00e9e et type dans notre <b>Panneau de pr\u00e9f\u00e9rences cookies<\/b>.<\/p>\n<h2><b>Modifications de la Politique de cookies<\/b><\/h2>\n<p><\/p>\n<p>ORUS Logistics pourra mettre \u00e0 jour cette politique de cookies \u00e0 tout moment. Nous vous recommandons de la consulter r\u00e9guli\u00e8rement. Tout changement substantiel sera communiqu\u00e9 via le bandeau de consentement ou un avis mis en \u00e9vidence sur le site.<\/p>\n[\/vc_column_text][\/vc_column][vc_column column_padding=\u00a0\u00bbno-extra-padding\u00a0\u00bb column_padding_tablet=\u00a0\u00bbinherit\u00a0\u00bb column_padding_phone=\u00a0\u00bbinherit\u00a0\u00bb column_padding_position=\u00a0\u00bball\u00a0\u00bb column_element_direction_desktop=\u00a0\u00bbdefault\u00a0\u00bb column_element_spacing=\u00a0\u00bbdefault\u00a0\u00bb desktop_text_alignment=\u00a0\u00bbdefault\u00a0\u00bb tablet_text_alignment=\u00a0\u00bbdefault\u00a0\u00bb phone_text_alignment=\u00a0\u00bbdefault\u00a0\u00bb background_color_opacity=\u00a0\u00bb1&Prime; background_hover_color_opacity=\u00a0\u00bb1&Prime; column_backdrop_filter=\u00a0\u00bbnone\u00a0\u00bb column_shadow=\u00a0\u00bbnone\u00a0\u00bb column_border_radius=\u00a0\u00bbnone\u00a0\u00bb column_link_target=\u00a0\u00bb_self\u00a0\u00bb column_position=\u00a0\u00bbdefault\u00a0\u00bb gradient_direction=\u00a0\u00bbleft_to_right\u00a0\u00bb overlay_strength=\u00a0\u00bb0.3&Prime; width=\u00a0\u00bb1\/6&Prime; tablet_width_inherit=\u00a0\u00bbdefault\u00a0\u00bb animation_type=\u00a0\u00bbdefault\u00a0\u00bb bg_image_animation=\u00a0\u00bbnone\u00a0\u00bb border_type=\u00a0\u00bbsimple\u00a0\u00bb column_border_width=\u00a0\u00bbnone\u00a0\u00bb column_border_style=\u00a0\u00bbsolid\u00a0\u00bb][\/vc_column][\/vc_row]\n","protected":false},"excerpt":{"rendered":"<p>[vc_row type=\u00a0\u00bbin_container\u00a0\u00bb full_screen_row_position=\u00a0\u00bbmiddle\u00a0\u00bb column_margin=\u00a0\u00bbdefault\u00a0\u00bb column_direction=\u00a0\u00bbdefault\u00a0\u00bb column_direction_tablet=\u00a0\u00bbdefault\u00a0\u00bb column_direction_phone=\u00a0\u00bbdefault\u00a0\u00bb scene_position=\u00a0\u00bbcenter\u00a0\u00bb text_color=\u00a0\u00bbdark\u00a0\u00bb text_align=\u00a0\u00bbleft\u00a0\u00bb row_border_radius=\u00a0\u00bbnone\u00a0\u00bb row_border_radius_applies=\u00a0\u00bbbg\u00a0\u00bb overflow=\u00a0\u00bbvisible\u00a0\u00bb overlay_strength=\u00a0\u00bb0.3&Prime; gradient_direction=\u00a0\u00bbleft_to_right\u00a0\u00bb shape_divider_position=\u00a0\u00bbbottom\u00a0\u00bb bg_image_animation=\u00a0\u00bbnone\u00a0\u00bb][vc_column column_padding=\u00a0\u00bbno-extra-padding\u00a0\u00bb column_padding_tablet=\u00a0\u00bbinherit\u00a0\u00bb column_padding_phone=\u00a0\u00bbinherit\u00a0\u00bb column_padding_position=\u00a0\u00bball\u00a0\u00bb column_element_direction_desktop=\u00a0\u00bbdefault\u00a0\u00bb column_element_spacing=\u00a0\u00bbdefault\u00a0\u00bb desktop_text_alignment=\u00a0\u00bbdefault\u00a0\u00bb tablet_text_alignment=\u00a0\u00bbdefault\u00a0\u00bb phone_text_alignment=\u00a0\u00bbdefault\u00a0\u00bb background_color_opacity=\u00a0\u00bb1&Prime; background_hover_color_opacity=\u00a0\u00bb1&Prime; column_backdrop_filter=\u00a0\u00bbnone\u00a0\u00bb column_shadow=\u00a0\u00bbnone\u00a0\u00bb&#8230;<\/p>\n","protected":false},"author":1,"featured_media":0,"parent":0,"menu_order":0,"comment_status":"closed","ping_status":"closed","template":"","meta":{"inline_featured_image":false,"footnotes":""},"class_list":["post-1735","page","type-page","status-publish"],"yoast_head":"<!-- This site is optimized with the Yoast SEO Premium plugin v27.2 (Yoast SEO v27.5) - https:\/\/yoast.com\/product\/yoast-seo-premium-wordpress\/ -->\n<title>Politique de cookies - Orus logistics<\/title>\n<meta name=\"description\" content=\"D\u00e9couvrez quelles cookies nous utilisons chez ORUS Logistics, \u00e0 quoi elles servent et comment vous pouvez les g\u00e9rer. Un contr\u00f4le total et une conformit\u00e9 RGPD.\" \/>\n<meta name=\"robots\" content=\"index, follow, max-snippet:-1, max-image-preview:large, max-video-preview:-1\" \/>\n<link rel=\"canonical\" href=\"https:\/\/oruslogistics.es\/fr\/politique-de-cookies\/\" \/>\n<meta property=\"og:locale\" content=\"fr_FR\" \/>\n<meta property=\"og:type\" content=\"article\" \/>\n<meta property=\"og:title\" content=\"Politique de cookies\" \/>\n<meta property=\"og:description\" content=\"D\u00e9couvrez quelles cookies nous utilisons chez ORUS Logistics, \u00e0 quoi elles servent et comment vous pouvez les g\u00e9rer. Un contr\u00f4le total et une conformit\u00e9 RGPD.\" \/>\n<meta property=\"og:url\" content=\"https:\/\/oruslogistics.es\/fr\/politique-de-cookies\/\" \/>\n<meta property=\"og:site_name\" content=\"Orus logistics\" \/>\n<meta property=\"article:modified_time\" content=\"2025-09-16T18:41:21+00:00\" \/>\n<meta name=\"twitter:card\" content=\"summary_large_image\" \/>\n<meta name=\"twitter:label1\" content=\"Dur\u00e9e de lecture estim\u00e9e\" \/>\n\t<meta name=\"twitter:data1\" content=\"6 minutes\" \/>\n<script type=\"application\/ld+json\" class=\"yoast-schema-graph\">{\"@context\":\"https:\\\/\\\/schema.org\",\"@graph\":[{\"@type\":\"WebPage\",\"@id\":\"https:\\\/\\\/oruslogistics.es\\\/fr\\\/politique-de-cookies\\\/\",\"url\":\"https:\\\/\\\/oruslogistics.es\\\/fr\\\/politique-de-cookies\\\/\",\"name\":\"Politique de cookies - Orus logistics\",\"isPartOf\":{\"@id\":\"https:\\\/\\\/oruslogistics.es\\\/fr\\\/#website\"},\"datePublished\":\"2025-07-30T17:07:38+00:00\",\"dateModified\":\"2025-09-16T18:41:21+00:00\",\"description\":\"D\u00e9couvrez quelles cookies nous utilisons chez ORUS Logistics, \u00e0 quoi elles servent et comment vous pouvez les g\u00e9rer. Un contr\u00f4le total et une conformit\u00e9 RGPD.\",\"breadcrumb\":{\"@id\":\"https:\\\/\\\/oruslogistics.es\\\/fr\\\/politique-de-cookies\\\/#breadcrumb\"},\"inLanguage\":\"fr-FR\",\"potentialAction\":[{\"@type\":\"ReadAction\",\"target\":[\"https:\\\/\\\/oruslogistics.es\\\/fr\\\/politique-de-cookies\\\/\"]}]},{\"@type\":\"BreadcrumbList\",\"@id\":\"https:\\\/\\\/oruslogistics.es\\\/fr\\\/politique-de-cookies\\\/#breadcrumb\",\"itemListElement\":[{\"@type\":\"ListItem\",\"position\":1,\"name\":\"Portada\",\"item\":\"https:\\\/\\\/oruslogistics.es\\\/fr\\\/\"},{\"@type\":\"ListItem\",\"position\":2,\"name\":\"Politique de cookies\"}]},{\"@type\":\"WebSite\",\"@id\":\"https:\\\/\\\/oruslogistics.es\\\/fr\\\/#website\",\"url\":\"https:\\\/\\\/oruslogistics.es\\\/fr\\\/\",\"name\":\"Orus logistics\",\"description\":\"\",\"publisher\":{\"@id\":\"https:\\\/\\\/oruslogistics.es\\\/fr\\\/#organization\"},\"potentialAction\":[{\"@type\":\"SearchAction\",\"target\":{\"@type\":\"EntryPoint\",\"urlTemplate\":\"https:\\\/\\\/oruslogistics.es\\\/fr\\\/?s={search_term_string}\"},\"query-input\":{\"@type\":\"PropertyValueSpecification\",\"valueRequired\":true,\"valueName\":\"search_term_string\"}}],\"inLanguage\":\"fr-FR\"},{\"@type\":\"Organization\",\"@id\":\"https:\\\/\\\/oruslogistics.es\\\/fr\\\/#organization\",\"name\":\"Orus logistics\",\"url\":\"https:\\\/\\\/oruslogistics.es\\\/fr\\\/\",\"logo\":{\"@type\":\"ImageObject\",\"inLanguage\":\"fr-FR\",\"@id\":\"https:\\\/\\\/oruslogistics.es\\\/fr\\\/#\\\/schema\\\/logo\\\/image\\\/\",\"url\":\"https:\\\/\\\/oruslogistics.es\\\/wp-content\\\/uploads\\\/2025\\\/07\\\/logo-1.webp\",\"contentUrl\":\"https:\\\/\\\/oruslogistics.es\\\/wp-content\\\/uploads\\\/2025\\\/07\\\/logo-1.webp\",\"width\":500,\"height\":250,\"caption\":\"Orus logistics\"},\"image\":{\"@id\":\"https:\\\/\\\/oruslogistics.es\\\/fr\\\/#\\\/schema\\\/logo\\\/image\\\/\"}}]}<\/script>\n<!-- \/ Yoast SEO Premium plugin. -->","yoast_head_json":{"title":"Politique de cookies - Orus logistics","description":"D\u00e9couvrez quelles cookies nous utilisons chez ORUS Logistics, \u00e0 quoi elles servent et comment vous pouvez les g\u00e9rer. Un contr\u00f4le total et une conformit\u00e9 RGPD.","robots":{"index":"index","follow":"follow","max-snippet":"max-snippet:-1","max-image-preview":"max-image-preview:large","max-video-preview":"max-video-preview:-1"},"canonical":"https:\/\/oruslogistics.es\/fr\/politique-de-cookies\/","og_locale":"fr_FR","og_type":"article","og_title":"Politique de cookies","og_description":"D\u00e9couvrez quelles cookies nous utilisons chez ORUS Logistics, \u00e0 quoi elles servent et comment vous pouvez les g\u00e9rer. Un contr\u00f4le total et une conformit\u00e9 RGPD.","og_url":"https:\/\/oruslogistics.es\/fr\/politique-de-cookies\/","og_site_name":"Orus logistics","article_modified_time":"2025-09-16T18:41:21+00:00","twitter_card":"summary_large_image","twitter_misc":{"Dur\u00e9e de lecture estim\u00e9e":"6 minutes"},"schema":{"@context":"https:\/\/schema.org","@graph":[{"@type":"WebPage","@id":"https:\/\/oruslogistics.es\/fr\/politique-de-cookies\/","url":"https:\/\/oruslogistics.es\/fr\/politique-de-cookies\/","name":"Politique de cookies - Orus logistics","isPartOf":{"@id":"https:\/\/oruslogistics.es\/fr\/#website"},"datePublished":"2025-07-30T17:07:38+00:00","dateModified":"2025-09-16T18:41:21+00:00","description":"D\u00e9couvrez quelles cookies nous utilisons chez ORUS Logistics, \u00e0 quoi elles servent et comment vous pouvez les g\u00e9rer. Un contr\u00f4le total et une conformit\u00e9 RGPD.","breadcrumb":{"@id":"https:\/\/oruslogistics.es\/fr\/politique-de-cookies\/#breadcrumb"},"inLanguage":"fr-FR","potentialAction":[{"@type":"ReadAction","target":["https:\/\/oruslogistics.es\/fr\/politique-de-cookies\/"]}]},{"@type":"BreadcrumbList","@id":"https:\/\/oruslogistics.es\/fr\/politique-de-cookies\/#breadcrumb","itemListElement":[{"@type":"ListItem","position":1,"name":"Portada","item":"https:\/\/oruslogistics.es\/fr\/"},{"@type":"ListItem","position":2,"name":"Politique de cookies"}]},{"@type":"WebSite","@id":"https:\/\/oruslogistics.es\/fr\/#website","url":"https:\/\/oruslogistics.es\/fr\/","name":"Orus logistics","description":"","publisher":{"@id":"https:\/\/oruslogistics.es\/fr\/#organization"},"potentialAction":[{"@type":"SearchAction","target":{"@type":"EntryPoint","urlTemplate":"https:\/\/oruslogistics.es\/fr\/?s={search_term_string}"},"query-input":{"@type":"PropertyValueSpecification","valueRequired":true,"valueName":"search_term_string"}}],"inLanguage":"fr-FR"},{"@type":"Organization","@id":"https:\/\/oruslogistics.es\/fr\/#organization","name":"Orus logistics","url":"https:\/\/oruslogistics.es\/fr\/","logo":{"@type":"ImageObject","inLanguage":"fr-FR","@id":"https:\/\/oruslogistics.es\/fr\/#\/schema\/logo\/image\/","url":"https:\/\/oruslogistics.es\/wp-content\/uploads\/2025\/07\/logo-1.webp","contentUrl":"https:\/\/oruslogistics.es\/wp-content\/uploads\/2025\/07\/logo-1.webp","width":500,"height":250,"caption":"Orus logistics"},"image":{"@id":"https:\/\/oruslogistics.es\/fr\/#\/schema\/logo\/image\/"}}]}},"_links":{"self":[{"href":"https:\/\/oruslogistics.es\/fr\/wp-json\/wp\/v2\/pages\/1735","targetHints":{"allow":["GET"]}}],"collection":[{"href":"https:\/\/oruslogistics.es\/fr\/wp-json\/wp\/v2\/pages"}],"about":[{"href":"https:\/\/oruslogistics.es\/fr\/wp-json\/wp\/v2\/types\/page"}],"author":[{"embeddable":true,"href":"https:\/\/oruslogistics.es\/fr\/wp-json\/wp\/v2\/users\/1"}],"replies":[{"embeddable":true,"href":"https:\/\/oruslogistics.es\/fr\/wp-json\/wp\/v2\/comments?post=1735"}],"version-history":[{"count":0,"href":"https:\/\/oruslogistics.es\/fr\/wp-json\/wp\/v2\/pages\/1735\/revisions"}],"wp:attachment":[{"href":"https:\/\/oruslogistics.es\/fr\/wp-json\/wp\/v2\/media?parent=1735"}],"curies":[{"name":"wp","href":"https:\/\/api.w.org\/{rel}","templated":true}]}}