{"id":1729,"date":"2025-07-30T19:23:58","date_gmt":"2025-07-30T17:23:58","guid":{"rendered":"https:\/\/oruslogistics.es\/mentions-legales\/"},"modified":"2025-09-16T20:45:49","modified_gmt":"2025-09-16T18:45:49","slug":"mentions-legales","status":"publish","type":"page","link":"https:\/\/oruslogistics.es\/fr\/mentions-legales\/","title":{"rendered":"Mentions l\u00e9gales"},"content":{"rendered":"[vc_row type=\u00a0\u00bbin_container\u00a0\u00bb full_screen_row_position=\u00a0\u00bbmiddle\u00a0\u00bb column_margin=\u00a0\u00bbdefault\u00a0\u00bb column_direction=\u00a0\u00bbdefault\u00a0\u00bb column_direction_tablet=\u00a0\u00bbdefault\u00a0\u00bb column_direction_phone=\u00a0\u00bbdefault\u00a0\u00bb scene_position=\u00a0\u00bbcenter\u00a0\u00bb text_color=\u00a0\u00bbdark\u00a0\u00bb text_align=\u00a0\u00bbleft\u00a0\u00bb row_border_radius=\u00a0\u00bbnone\u00a0\u00bb row_border_radius_applies=\u00a0\u00bbbg\u00a0\u00bb overflow=\u00a0\u00bbvisible\u00a0\u00bb overlay_strength=\u00a0\u00bb0.3&Prime; gradient_direction=\u00a0\u00bbleft_to_right\u00a0\u00bb shape_divider_position=\u00a0\u00bbbottom\u00a0\u00bb bg_image_animation=\u00a0\u00bbnone\u00a0\u00bb][vc_column column_padding=\u00a0\u00bbno-extra-padding\u00a0\u00bb column_padding_tablet=\u00a0\u00bbinherit\u00a0\u00bb column_padding_phone=\u00a0\u00bbinherit\u00a0\u00bb column_padding_position=\u00a0\u00bball\u00a0\u00bb column_element_direction_desktop=\u00a0\u00bbdefault\u00a0\u00bb column_element_spacing=\u00a0\u00bbdefault\u00a0\u00bb desktop_text_alignment=\u00a0\u00bbdefault\u00a0\u00bb tablet_text_alignment=\u00a0\u00bbdefault\u00a0\u00bb phone_text_alignment=\u00a0\u00bbdefault\u00a0\u00bb background_color_opacity=\u00a0\u00bb1&Prime; background_hover_color_opacity=\u00a0\u00bb1&Prime; column_backdrop_filter=\u00a0\u00bbnone\u00a0\u00bb column_shadow=\u00a0\u00bbnone\u00a0\u00bb column_border_radius=\u00a0\u00bbnone\u00a0\u00bb column_link_target=\u00a0\u00bb_self\u00a0\u00bb column_position=\u00a0\u00bbdefault\u00a0\u00bb gradient_direction=\u00a0\u00bbleft_to_right\u00a0\u00bb overlay_strength=\u00a0\u00bb0.3&Prime; width=\u00a0\u00bb1\/6&Prime; tablet_width_inherit=\u00a0\u00bbdefault\u00a0\u00bb animation_type=\u00a0\u00bbdefault\u00a0\u00bb bg_image_animation=\u00a0\u00bbnone\u00a0\u00bb border_type=\u00a0\u00bbsimple\u00a0\u00bb column_border_width=\u00a0\u00bbnone\u00a0\u00bb column_border_style=\u00a0\u00bbsolid\u00a0\u00bb][\/vc_column][vc_column column_padding=\u00a0\u00bbno-extra-padding\u00a0\u00bb column_padding_tablet=\u00a0\u00bbinherit\u00a0\u00bb column_padding_phone=\u00a0\u00bbinherit\u00a0\u00bb column_padding_position=\u00a0\u00bball\u00a0\u00bb column_element_direction_desktop=\u00a0\u00bbdefault\u00a0\u00bb column_element_spacing=\u00a0\u00bbdefault\u00a0\u00bb desktop_text_alignment=\u00a0\u00bbdefault\u00a0\u00bb tablet_text_alignment=\u00a0\u00bbdefault\u00a0\u00bb phone_text_alignment=\u00a0\u00bbdefault\u00a0\u00bb background_color_opacity=\u00a0\u00bb1&Prime; background_hover_color_opacity=\u00a0\u00bb1&Prime; column_backdrop_filter=\u00a0\u00bbnone\u00a0\u00bb column_shadow=\u00a0\u00bbnone\u00a0\u00bb column_border_radius=\u00a0\u00bbnone\u00a0\u00bb column_link_target=\u00a0\u00bb_self\u00a0\u00bb column_position=\u00a0\u00bbdefault\u00a0\u00bb gradient_direction=\u00a0\u00bbleft_to_right\u00a0\u00bb overlay_strength=\u00a0\u00bb0.3&Prime; width=\u00a0\u00bb2\/3&Prime; tablet_width_inherit=\u00a0\u00bbdefault\u00a0\u00bb animation_type=\u00a0\u00bbdefault\u00a0\u00bb bg_image_animation=\u00a0\u00bbnone\u00a0\u00bb border_type=\u00a0\u00bbsimple\u00a0\u00bb column_border_width=\u00a0\u00bbnone\u00a0\u00bb column_border_style=\u00a0\u00bbsolid\u00a0\u00bb][vc_custom_heading source=\u00a0\u00bbpost_title\u00a0\u00bb font_container=\u00a0\u00bbtag:h1|text_align:left|color:%23121114&Prime; use_theme_fonts=\u00a0\u00bbyes\u00a0\u00bb css=\u00a0\u00bb\u00a0\u00bb][vc_column_text css=\u00a0\u00bb\u00a0\u00bb text_direction=\u00a0\u00bbdefault\u00a0\u00bb]\n<p>Le pr\u00e9sent avis r\u00e9git l\u2019utilisation du service du portail Internet \u00ab <a href=\"https:\/\/oruslogistics.es\/fr\/\" target=\"_blank\" rel=\"noopener\">https:\/\/oruslogistics.es<\/a> \u00bb, mis \u00e0 disposition des utilisateurs par <b>VIRGIN MARKET SLU<\/b> (ci-apr\u00e8s, VIRGIN MARKET, dont le si\u00e8ge social est situ\u00e9 Camino de Adra n\u00ba5, 04700 El Ejido, Almer\u00eda, Espagne ; CIF B72458227 et inscrite au Registre du Commerce d\u2019Almer\u00eda, Tome 2216, Folio 213, Feuille AL 55400, 1\u00e8re inscription).<br \/>\nPour nous contacter, vous pouvez utiliser l\u2019adresse email suivante : <b>orus@oruslogistics.es<\/b><\/p>\n<h2>Conditions d\u2019utilisation<\/h2>\n<p><\/p>\n<p>Les utilisateurs s\u2019engagent \u00e0 ne pas utiliser les contenus mis \u00e0 disposition sur le portail \u2014 entendus comme, sans limitation, les textes, photographies, graphiques, images, ic\u00f4nes, technologies, logiciels, liens et autres contenus audiovisuels ou sonores, ainsi que leur design graphique et codes sources \u2014 d\u2019une mani\u00e8re contraire \u00e0 la loi, notamment au Texte refondu de la Loi sur la Propri\u00e9t\u00e9 Intellectuelle approuv\u00e9 par le D\u00e9cret Royal 1\/1996 du 12 avril, ainsi qu\u2019\u00e0 la morale, aux bonnes m\u0153urs g\u00e9n\u00e9ralement accept\u00e9es et \u00e0 l\u2019ordre public. En particulier, ils s\u2019engagent \u00e0 s\u2019abstenir de reproduire, copier, distribuer, mettre \u00e0 disposition ou, de toute autre mani\u00e8re, communiquer publiquement, transformer ou modifier les contenus mentionn\u00e9s.<\/p>\n<p><\/p>\n<p>L\u2019utilisateur s\u2019abstiendra de tout comportement, dans le cadre de l\u2019utilisation du portail, qui porterait atteinte aux droits de propri\u00e9t\u00e9 intellectuelle ou industrielle de <strong>VIRGIN MARKET<\/strong> ou de tiers, ou qui violerait l\u2019honneur, la vie priv\u00e9e personnelle ou familiale ou l\u2019image de tiers, ou qui serait illicite ou contraire \u00e0 la moralit\u00e9. L\u2019utilisateur d\u00e9gagera dans tous les cas <strong>VIRGIN MARKET<\/strong> de toute responsabilit\u00e9 face \u00e0 toute r\u00e9clamation, judiciaire ou extrajudiciaire, r\u00e9sultant de cette utilisation.<\/p>\n<h2>Propri\u00e9t\u00e9 intellectuelle et industrielle<\/h2>\n<p><\/p>\n<p>Les contenus constituent la propri\u00e9t\u00e9 intellectuelle de <strong>VIRGIN MARKET<\/strong>. Aucun droit d\u2019exploitation de ces contenus, existant ou \u00e0 venir, n\u2019est transf\u00e9r\u00e9 \u00e0 l\u2019utilisateur au-del\u00e0 de ce qui est strictement n\u00e9cessaire pour l\u2019utilisation correcte du portail.<\/p>\n<p><\/p>\n<p>Les utilisateurs reconnaissent que la reproduction, modification, distribution, commercialisation, d\u00e9compilation, d\u00e9sassemblage, recours \u00e0 l\u2019ing\u00e9nierie inverse ou tout autre moyen permettant d\u2019obtenir le code source du portail, la transformation ou la publication de tout r\u00e9sultat, constitue une violation des droits de propri\u00e9t\u00e9 intellectuelle. En cons\u00e9quence, ils s\u2019engagent express\u00e9ment \u00e0 ne r\u00e9aliser aucune des actions mentionn\u00e9es.<\/p>\n<h2>Protection des donn\u00e9es<\/h2>\n<p><\/p>\n<p><strong>VIRGIN MARKET<\/strong> s\u2019engage \u00e0 respecter la r\u00e9glementation en vigueur en mati\u00e8re de protection des donn\u00e9es personnelles. Les donn\u00e9es personnelles fournies par les utilisateurs via le portail seront trait\u00e9es conform\u00e9ment \u00e0 ce qui est pr\u00e9vu dans notre <a href=\"https:\/\/oruslogistics.es\/politica-de-privacidad\/\" target=\"_blank\" rel=\"noopener\">Politique de confidentialit\u00e9<\/a>.<\/p>\n<h2>Limitation de responsabilit\u00e9<\/h2>\n<p><\/p>\n<p><strong>VIRGIN MARKET<\/strong> ne sera pas responsable du mauvais fonctionnement du portail lorsque celui-ci r\u00e9sulte de travaux de maintenance, d\u2019incidents ext\u00e9rieurs \u00e0 l\u2019entreprise, d\u2019une configuration d\u00e9fectueuse des \u00e9quipements des utilisateurs ou de leur capacit\u00e9 insuffisante \u00e0 supporter les syst\u00e8mes informatiques indispensables \u00e0 l\u2019utilisation du service.<\/p>\n<p><\/p>\n<p><strong>VIRGIN MARKET<\/strong> ne pourra \u00eatre tenue responsable des dommages ou pr\u00e9judices de toute nature pouvant r\u00e9sulter de la pr\u00e9sence de virus ou d\u2019autres \u00e9l\u00e9ments susceptibles de provoquer des alt\u00e9rations dans le syst\u00e8me informatique, les documents \u00e9lectroniques ou les fichiers des utilisateurs.<\/p>\n<h2>Utilisation des hyperliens<\/h2>\n<p><\/p>\n<p>Les utilisateurs et, de mani\u00e8re g\u00e9n\u00e9rale, toute personne souhaitant \u00e9tablir un hyperlien vers le portail de <strong>VIRGIN MARKET<\/strong> devront respecter les conditions suivantes :<\/p>\n<p><\/p>\n<ul>\n<li>L\u2019hyperlien permettra uniquement l\u2019acc\u00e8s \u00e0 la page d\u2019accueil du portail, sans pouvoir la reproduire de quelque mani\u00e8re que ce soit.<\/li>\n<li>Aucun cadre (\u00ab frame \u00bb) ne sera cr\u00e9\u00e9 sur les pages du portail.<\/li>\n<li>Aucune d\u00e9claration fausse, inexacte ou incorrecte concernant <strong>VIRGIN MARKET<\/strong> ne sera faite.<\/li>\n<li>Il ne sera pas d\u00e9clar\u00e9 ni sous-entendu que <strong>VIRGIN MARKET<\/strong> a autoris\u00e9 l\u2019hyperlien ou supervis\u00e9 ou assum\u00e9 de quelque mani\u00e8re que ce soit les services offerts ou mis \u00e0 disposition sur la page o\u00f9 est \u00e9tabli l\u2019hyperlien.<\/li>\n<li>La page web contenant l\u2019hyperlien ne pourra contenir d\u2019informations ou de contenus illicites, contraires \u00e0 la morale, aux bonnes m\u0153urs g\u00e9n\u00e9ralement accept\u00e9es ou \u00e0 l\u2019ordre public, ni de contenus contraires aux droits de tiers.<\/li>\n<\/ul>\n<p><\/p>\n<p>L\u2019\u00e9tablissement d\u2019un hyperlien n\u2019implique en aucun cas l\u2019existence d\u2019une relation entre <strong>VIRGIN MARKET<\/strong> et le propri\u00e9taire de la page web o\u00f9 il est ins\u00e9r\u00e9, ni l\u2019acceptation ni l\u2019approbation par <strong>VIRGIN MARKET<\/strong> de ses contenus ou services.<\/p>\n<h2>Modifications<\/h2>\n<p><\/p>\n<p><strong>VIRGIN MARKET<\/strong> se r\u00e9serve le droit d\u2019effectuer, sans pr\u00e9avis, les modifications jug\u00e9es opportunes sur son portail, y compris de modifier, supprimer ou ajouter des contenus et services accessibles via celui-ci, ainsi que la mani\u00e8re dont ils sont pr\u00e9sent\u00e9s ou localis\u00e9s.<\/p>\n<h2>L\u00e9gislation applicable et juridiction<\/h2>\n<p><\/p>\n<p>L\u2019utilisation du portail est r\u00e9gie par la l\u00e9gislation espagnole. Pour tout litige pouvant survenir en relation avec l\u2019utilisation du portail, <strong>VIRGIN MARKET<\/strong> et les utilisateurs, renon\u00e7ant express\u00e9ment \u00e0 toute autre juridiction qui pourrait leur \u00eatre applicable, se soumettent \u00e0 la comp\u00e9tence des Tribunaux d\u2019Almer\u00eda.<\/p>\n[\/vc_column_text][\/vc_column][vc_column column_padding=\u00a0\u00bbno-extra-padding\u00a0\u00bb column_padding_tablet=\u00a0\u00bbinherit\u00a0\u00bb column_padding_phone=\u00a0\u00bbinherit\u00a0\u00bb column_padding_position=\u00a0\u00bball\u00a0\u00bb column_element_direction_desktop=\u00a0\u00bbdefault\u00a0\u00bb column_element_spacing=\u00a0\u00bbdefault\u00a0\u00bb desktop_text_alignment=\u00a0\u00bbdefault\u00a0\u00bb tablet_text_alignment=\u00a0\u00bbdefault\u00a0\u00bb phone_text_alignment=\u00a0\u00bbdefault\u00a0\u00bb background_color_opacity=\u00a0\u00bb1&Prime; background_hover_color_opacity=\u00a0\u00bb1&Prime; column_backdrop_filter=\u00a0\u00bbnone\u00a0\u00bb column_shadow=\u00a0\u00bbnone\u00a0\u00bb column_border_radius=\u00a0\u00bbnone\u00a0\u00bb column_link_target=\u00a0\u00bb_self\u00a0\u00bb column_position=\u00a0\u00bbdefault\u00a0\u00bb gradient_direction=\u00a0\u00bbleft_to_right\u00a0\u00bb overlay_strength=\u00a0\u00bb0.3&Prime; width=\u00a0\u00bb1\/6&Prime; tablet_width_inherit=\u00a0\u00bbdefault\u00a0\u00bb animation_type=\u00a0\u00bbdefault\u00a0\u00bb bg_image_animation=\u00a0\u00bbnone\u00a0\u00bb border_type=\u00a0\u00bbsimple\u00a0\u00bb column_border_width=\u00a0\u00bbnone\u00a0\u00bb column_border_style=\u00a0\u00bbsolid\u00a0\u00bb][\/vc_column][\/vc_row]\n","protected":false},"excerpt":{"rendered":"<p>[vc_row type=\u00a0\u00bbin_container\u00a0\u00bb full_screen_row_position=\u00a0\u00bbmiddle\u00a0\u00bb column_margin=\u00a0\u00bbdefault\u00a0\u00bb column_direction=\u00a0\u00bbdefault\u00a0\u00bb column_direction_tablet=\u00a0\u00bbdefault\u00a0\u00bb column_direction_phone=\u00a0\u00bbdefault\u00a0\u00bb scene_position=\u00a0\u00bbcenter\u00a0\u00bb text_color=\u00a0\u00bbdark\u00a0\u00bb text_align=\u00a0\u00bbleft\u00a0\u00bb row_border_radius=\u00a0\u00bbnone\u00a0\u00bb row_border_radius_applies=\u00a0\u00bbbg\u00a0\u00bb overflow=\u00a0\u00bbvisible\u00a0\u00bb overlay_strength=\u00a0\u00bb0.3&Prime; gradient_direction=\u00a0\u00bbleft_to_right\u00a0\u00bb shape_divider_position=\u00a0\u00bbbottom\u00a0\u00bb bg_image_animation=\u00a0\u00bbnone\u00a0\u00bb][vc_column column_padding=\u00a0\u00bbno-extra-padding\u00a0\u00bb column_padding_tablet=\u00a0\u00bbinherit\u00a0\u00bb column_padding_phone=\u00a0\u00bbinherit\u00a0\u00bb column_padding_position=\u00a0\u00bball\u00a0\u00bb column_element_direction_desktop=\u00a0\u00bbdefault\u00a0\u00bb column_element_spacing=\u00a0\u00bbdefault\u00a0\u00bb desktop_text_alignment=\u00a0\u00bbdefault\u00a0\u00bb tablet_text_alignment=\u00a0\u00bbdefault\u00a0\u00bb phone_text_alignment=\u00a0\u00bbdefault\u00a0\u00bb background_color_opacity=\u00a0\u00bb1&Prime; background_hover_color_opacity=\u00a0\u00bb1&Prime; column_backdrop_filter=\u00a0\u00bbnone\u00a0\u00bb column_shadow=\u00a0\u00bbnone\u00a0\u00bb&#8230;<\/p>\n","protected":false},"author":1,"featured_media":0,"parent":0,"menu_order":0,"comment_status":"closed","ping_status":"closed","template":"","meta":{"inline_featured_image":false,"footnotes":""},"class_list":["post-1729","page","type-page","status-publish"],"yoast_head":"<!-- This site is optimized with the Yoast SEO Premium plugin v27.2 (Yoast SEO v27.5) - https:\/\/yoast.com\/product\/yoast-seo-premium-wordpress\/ -->\n<title>Mentions l\u00e9gales - Orus logistics<\/title>\n<meta name=\"description\" content=\"D\u00e9couvrez qui se cache derri\u00e8re ORUS Logistics et consultez les conditions d\u2019utilisation du site. Une transparence juridique pens\u00e9e pour votre s\u00e9r\u00e9nit\u00e9.\" \/>\n<meta name=\"robots\" content=\"index, follow, max-snippet:-1, max-image-preview:large, max-video-preview:-1\" \/>\n<link rel=\"canonical\" href=\"https:\/\/oruslogistics.es\/fr\/mentions-legales\/\" \/>\n<meta property=\"og:locale\" content=\"fr_FR\" \/>\n<meta property=\"og:type\" content=\"article\" \/>\n<meta property=\"og:title\" content=\"Mentions l\u00e9gales\" \/>\n<meta property=\"og:description\" content=\"D\u00e9couvrez qui se cache derri\u00e8re ORUS Logistics et consultez les conditions d\u2019utilisation du site. Une transparence juridique pens\u00e9e pour votre s\u00e9r\u00e9nit\u00e9.\" \/>\n<meta property=\"og:url\" content=\"https:\/\/oruslogistics.es\/fr\/mentions-legales\/\" \/>\n<meta property=\"og:site_name\" content=\"Orus logistics\" \/>\n<meta property=\"article:modified_time\" content=\"2025-09-16T18:45:49+00:00\" \/>\n<meta name=\"twitter:card\" content=\"summary_large_image\" \/>\n<meta name=\"twitter:label1\" content=\"Dur\u00e9e de lecture estim\u00e9e\" \/>\n\t<meta name=\"twitter:data1\" content=\"6 minutes\" \/>\n<script type=\"application\/ld+json\" class=\"yoast-schema-graph\">{\"@context\":\"https:\\\/\\\/schema.org\",\"@graph\":[{\"@type\":\"WebPage\",\"@id\":\"https:\\\/\\\/oruslogistics.es\\\/fr\\\/mentions-legales\\\/\",\"url\":\"https:\\\/\\\/oruslogistics.es\\\/fr\\\/mentions-legales\\\/\",\"name\":\"Mentions l\u00e9gales - Orus logistics\",\"isPartOf\":{\"@id\":\"https:\\\/\\\/oruslogistics.es\\\/fr\\\/#website\"},\"datePublished\":\"2025-07-30T17:23:58+00:00\",\"dateModified\":\"2025-09-16T18:45:49+00:00\",\"description\":\"D\u00e9couvrez qui se cache derri\u00e8re ORUS Logistics et consultez les conditions d\u2019utilisation du site. Une transparence juridique pens\u00e9e pour votre s\u00e9r\u00e9nit\u00e9.\",\"breadcrumb\":{\"@id\":\"https:\\\/\\\/oruslogistics.es\\\/fr\\\/mentions-legales\\\/#breadcrumb\"},\"inLanguage\":\"fr-FR\",\"potentialAction\":[{\"@type\":\"ReadAction\",\"target\":[\"https:\\\/\\\/oruslogistics.es\\\/fr\\\/mentions-legales\\\/\"]}]},{\"@type\":\"BreadcrumbList\",\"@id\":\"https:\\\/\\\/oruslogistics.es\\\/fr\\\/mentions-legales\\\/#breadcrumb\",\"itemListElement\":[{\"@type\":\"ListItem\",\"position\":1,\"name\":\"Portada\",\"item\":\"https:\\\/\\\/oruslogistics.es\\\/fr\\\/\"},{\"@type\":\"ListItem\",\"position\":2,\"name\":\"Mentions l\u00e9gales\"}]},{\"@type\":\"WebSite\",\"@id\":\"https:\\\/\\\/oruslogistics.es\\\/fr\\\/#website\",\"url\":\"https:\\\/\\\/oruslogistics.es\\\/fr\\\/\",\"name\":\"Orus logistics\",\"description\":\"\",\"publisher\":{\"@id\":\"https:\\\/\\\/oruslogistics.es\\\/fr\\\/#organization\"},\"potentialAction\":[{\"@type\":\"SearchAction\",\"target\":{\"@type\":\"EntryPoint\",\"urlTemplate\":\"https:\\\/\\\/oruslogistics.es\\\/fr\\\/?s={search_term_string}\"},\"query-input\":{\"@type\":\"PropertyValueSpecification\",\"valueRequired\":true,\"valueName\":\"search_term_string\"}}],\"inLanguage\":\"fr-FR\"},{\"@type\":\"Organization\",\"@id\":\"https:\\\/\\\/oruslogistics.es\\\/fr\\\/#organization\",\"name\":\"Orus logistics\",\"url\":\"https:\\\/\\\/oruslogistics.es\\\/fr\\\/\",\"logo\":{\"@type\":\"ImageObject\",\"inLanguage\":\"fr-FR\",\"@id\":\"https:\\\/\\\/oruslogistics.es\\\/fr\\\/#\\\/schema\\\/logo\\\/image\\\/\",\"url\":\"https:\\\/\\\/oruslogistics.es\\\/wp-content\\\/uploads\\\/2025\\\/07\\\/logo-1.webp\",\"contentUrl\":\"https:\\\/\\\/oruslogistics.es\\\/wp-content\\\/uploads\\\/2025\\\/07\\\/logo-1.webp\",\"width\":500,\"height\":250,\"caption\":\"Orus logistics\"},\"image\":{\"@id\":\"https:\\\/\\\/oruslogistics.es\\\/fr\\\/#\\\/schema\\\/logo\\\/image\\\/\"}}]}<\/script>\n<!-- \/ Yoast SEO Premium plugin. -->","yoast_head_json":{"title":"Mentions l\u00e9gales - Orus logistics","description":"D\u00e9couvrez qui se cache derri\u00e8re ORUS Logistics et consultez les conditions d\u2019utilisation du site. Une transparence juridique pens\u00e9e pour votre s\u00e9r\u00e9nit\u00e9.","robots":{"index":"index","follow":"follow","max-snippet":"max-snippet:-1","max-image-preview":"max-image-preview:large","max-video-preview":"max-video-preview:-1"},"canonical":"https:\/\/oruslogistics.es\/fr\/mentions-legales\/","og_locale":"fr_FR","og_type":"article","og_title":"Mentions l\u00e9gales","og_description":"D\u00e9couvrez qui se cache derri\u00e8re ORUS Logistics et consultez les conditions d\u2019utilisation du site. Une transparence juridique pens\u00e9e pour votre s\u00e9r\u00e9nit\u00e9.","og_url":"https:\/\/oruslogistics.es\/fr\/mentions-legales\/","og_site_name":"Orus logistics","article_modified_time":"2025-09-16T18:45:49+00:00","twitter_card":"summary_large_image","twitter_misc":{"Dur\u00e9e de lecture estim\u00e9e":"6 minutes"},"schema":{"@context":"https:\/\/schema.org","@graph":[{"@type":"WebPage","@id":"https:\/\/oruslogistics.es\/fr\/mentions-legales\/","url":"https:\/\/oruslogistics.es\/fr\/mentions-legales\/","name":"Mentions l\u00e9gales - Orus logistics","isPartOf":{"@id":"https:\/\/oruslogistics.es\/fr\/#website"},"datePublished":"2025-07-30T17:23:58+00:00","dateModified":"2025-09-16T18:45:49+00:00","description":"D\u00e9couvrez qui se cache derri\u00e8re ORUS Logistics et consultez les conditions d\u2019utilisation du site. Une transparence juridique pens\u00e9e pour votre s\u00e9r\u00e9nit\u00e9.","breadcrumb":{"@id":"https:\/\/oruslogistics.es\/fr\/mentions-legales\/#breadcrumb"},"inLanguage":"fr-FR","potentialAction":[{"@type":"ReadAction","target":["https:\/\/oruslogistics.es\/fr\/mentions-legales\/"]}]},{"@type":"BreadcrumbList","@id":"https:\/\/oruslogistics.es\/fr\/mentions-legales\/#breadcrumb","itemListElement":[{"@type":"ListItem","position":1,"name":"Portada","item":"https:\/\/oruslogistics.es\/fr\/"},{"@type":"ListItem","position":2,"name":"Mentions l\u00e9gales"}]},{"@type":"WebSite","@id":"https:\/\/oruslogistics.es\/fr\/#website","url":"https:\/\/oruslogistics.es\/fr\/","name":"Orus logistics","description":"","publisher":{"@id":"https:\/\/oruslogistics.es\/fr\/#organization"},"potentialAction":[{"@type":"SearchAction","target":{"@type":"EntryPoint","urlTemplate":"https:\/\/oruslogistics.es\/fr\/?s={search_term_string}"},"query-input":{"@type":"PropertyValueSpecification","valueRequired":true,"valueName":"search_term_string"}}],"inLanguage":"fr-FR"},{"@type":"Organization","@id":"https:\/\/oruslogistics.es\/fr\/#organization","name":"Orus logistics","url":"https:\/\/oruslogistics.es\/fr\/","logo":{"@type":"ImageObject","inLanguage":"fr-FR","@id":"https:\/\/oruslogistics.es\/fr\/#\/schema\/logo\/image\/","url":"https:\/\/oruslogistics.es\/wp-content\/uploads\/2025\/07\/logo-1.webp","contentUrl":"https:\/\/oruslogistics.es\/wp-content\/uploads\/2025\/07\/logo-1.webp","width":500,"height":250,"caption":"Orus logistics"},"image":{"@id":"https:\/\/oruslogistics.es\/fr\/#\/schema\/logo\/image\/"}}]}},"_links":{"self":[{"href":"https:\/\/oruslogistics.es\/fr\/wp-json\/wp\/v2\/pages\/1729","targetHints":{"allow":["GET"]}}],"collection":[{"href":"https:\/\/oruslogistics.es\/fr\/wp-json\/wp\/v2\/pages"}],"about":[{"href":"https:\/\/oruslogistics.es\/fr\/wp-json\/wp\/v2\/types\/page"}],"author":[{"embeddable":true,"href":"https:\/\/oruslogistics.es\/fr\/wp-json\/wp\/v2\/users\/1"}],"replies":[{"embeddable":true,"href":"https:\/\/oruslogistics.es\/fr\/wp-json\/wp\/v2\/comments?post=1729"}],"version-history":[{"count":0,"href":"https:\/\/oruslogistics.es\/fr\/wp-json\/wp\/v2\/pages\/1729\/revisions"}],"wp:attachment":[{"href":"https:\/\/oruslogistics.es\/fr\/wp-json\/wp\/v2\/media?parent=1729"}],"curies":[{"name":"wp","href":"https:\/\/api.w.org\/{rel}","templated":true}]}}