{"id":1906,"date":"2025-07-30T19:23:58","date_gmt":"2025-07-30T17:23:58","guid":{"rendered":"https:\/\/oruslogistics.es\/impressum\/"},"modified":"2025-10-24T12:57:27","modified_gmt":"2025-10-24T10:57:27","slug":"impressum","status":"publish","type":"page","link":"https:\/\/oruslogistics.es\/de\/impressum\/","title":{"rendered":"Impressum"},"content":{"rendered":"[vc_row type=&#8220;in_container&#8220; full_screen_row_position=&#8220;middle&#8220; column_margin=&#8220;default&#8220; column_direction=&#8220;default&#8220; column_direction_tablet=&#8220;default&#8220; column_direction_phone=&#8220;default&#8220; scene_position=&#8220;center&#8220; text_color=&#8220;dark&#8220; text_align=&#8220;left&#8220; row_border_radius=&#8220;none&#8220; row_border_radius_applies=&#8220;bg&#8220; overflow=&#8220;visible&#8220; overlay_strength=&#8220;0.3&#8243; gradient_direction=&#8220;left_to_right&#8220; shape_divider_position=&#8220;bottom&#8220; bg_image_animation=&#8220;none&#8220;][vc_column column_padding=&#8220;no-extra-padding&#8220; column_padding_tablet=&#8220;inherit&#8220; column_padding_phone=&#8220;inherit&#8220; column_padding_position=&#8220;all&#8220; column_element_direction_desktop=&#8220;default&#8220; column_element_spacing=&#8220;default&#8220; desktop_text_alignment=&#8220;default&#8220; tablet_text_alignment=&#8220;default&#8220; phone_text_alignment=&#8220;default&#8220; background_color_opacity=&#8220;1&#8243; background_hover_color_opacity=&#8220;1&#8243; column_backdrop_filter=&#8220;none&#8220; column_shadow=&#8220;none&#8220; column_border_radius=&#8220;none&#8220; column_link_target=&#8220;_self&#8220; column_position=&#8220;default&#8220; gradient_direction=&#8220;left_to_right&#8220; overlay_strength=&#8220;0.3&#8243; width=&#8220;1\/6&#8243; tablet_width_inherit=&#8220;default&#8220; animation_type=&#8220;default&#8220; bg_image_animation=&#8220;none&#8220; border_type=&#8220;simple&#8220; column_border_width=&#8220;none&#8220; column_border_style=&#8220;solid&#8220;][\/vc_column][vc_column column_padding=&#8220;no-extra-padding&#8220; column_padding_tablet=&#8220;inherit&#8220; column_padding_phone=&#8220;inherit&#8220; column_padding_position=&#8220;all&#8220; column_element_direction_desktop=&#8220;default&#8220; column_element_spacing=&#8220;default&#8220; desktop_text_alignment=&#8220;default&#8220; tablet_text_alignment=&#8220;default&#8220; phone_text_alignment=&#8220;default&#8220; background_color_opacity=&#8220;1&#8243; background_hover_color_opacity=&#8220;1&#8243; column_backdrop_filter=&#8220;none&#8220; column_shadow=&#8220;none&#8220; column_border_radius=&#8220;none&#8220; column_link_target=&#8220;_self&#8220; column_position=&#8220;default&#8220; gradient_direction=&#8220;left_to_right&#8220; overlay_strength=&#8220;0.3&#8243; width=&#8220;2\/3&#8243; tablet_width_inherit=&#8220;default&#8220; animation_type=&#8220;default&#8220; bg_image_animation=&#8220;none&#8220; border_type=&#8220;simple&#8220; column_border_width=&#8220;none&#8220; column_border_style=&#8220;solid&#8220;][vc_custom_heading source=&#8220;post_title&#8220; font_container=&#8220;tag:h1|text_align:left|color:%23121114&#8243; use_theme_fonts=&#8220;yes&#8220; css=&#8220;&#8220;][vc_column_text css=&#8220;&#8220; text_direction=&#8220;default&#8220;]\n<p>Dieser Hinweis regelt die Nutzung des Internetportals \u201e<a href=\"https:\/\/oruslogistics.es\/de\/\" target=\"_blank\" rel=\"noopener\">https:\/\/oruslogistics.es<\/a>\u201c, das <b>VIRGIN MARKET SLU<\/b> (im Folgenden <b>VIRGIN MARKET<\/b>; Sitz: Camino de Adra Nr. 5, 04700 El Ejido, Almer\u00eda, Spanien; CIF B72458227; eingetragen im Handelsregister von Almer\u00eda, Band 2216, Blatt 213, Blatt-Nr. AL 55400, Eintragung 1) den Internetnutzern zur Verf\u00fcgung stellt.<br \/>\nWenn Sie mit uns Kontakt aufnehmen m\u00f6chten, k\u00f6nnen Sie dies per E-Mail tun: <b>orus@oruslogistics.es<\/b><\/p>\n<h2>Nutzungsbedingungen<\/h2>\n<p><\/p>\n<p>Die Nutzer verpflichten sich, die auf dem Portal bereitgestellten Inhalte \u2013 darunter unter anderem Texte, Fotografien, Grafiken, Bilder, Icons, Technologien, Software, Links sowie sonstige audiovisuelle oder akustische Inhalte sowie deren grafisches Design und Quellcodes \u2013 im Einklang mit dem Gesetz, insbesondere dem konsolidierten Text des spanischen Urheberrechtsgesetzes (K\u00f6nigliches Dekret 1\/1996 vom 12. April), mit der Moral und den allgemein anerkannten guten Sitten sowie der \u00f6ffentlichen Ordnung zu nutzen. Insbesondere verpflichten sie sich, die genannten Inhalte nicht zu vervielf\u00e4ltigen, zu kopieren, zu verbreiten, bereitzustellen oder in sonstiger Weise \u00f6ffentlich mitzuteilen, zu ver\u00e4ndern oder umzugestalten.<\/p>\n<p><\/p>\n<p>Der Nutzer unterl\u00e4sst jede Verhaltensweise bei der Nutzung des Portals, die die Rechte des geistigen oder gewerblichen Eigentums von <strong>VIRGIN MARKET<\/strong> oder Dritten verletzt oder beeintr\u00e4chtigt, die Ehre, die pers\u00f6nliche oder famili\u00e4re Privatsph\u00e4re oder das Bild Dritter verletzt, oder die rechtswidrig oder sittenwidrig ist. Der Nutzer stellt <strong>VIRGIN MARKET<\/strong> in jedem Fall von s\u00e4mtlichen aus einer solchen Nutzung resultierenden Anspr\u00fcchen frei, gleich ob gerichtlich oder au\u00dfergerichtlich.<\/p>\n<h2>Urheber- und gewerbliche Schutzrechte<\/h2>\n<p><\/p>\n<p>Die Inhalte sind geistiges Eigentum von <strong>VIRGIN MARKET<\/strong>. Dem Nutzer werden keinerlei Verwertungsrechte, die an diesen Inhalten bestehen oder k\u00fcnftig bestehen k\u00f6nnten, einger\u00e4umt \u2013 \u00fcber das f\u00fcr die ordnungsgem\u00e4\u00dfe Nutzung des Portals unbedingt Erforderliche hinaus.<\/p>\n<p><\/p>\n<p>Die Nutzer erkennen an, dass die Vervielf\u00e4ltigung, Modifizierung, Verbreitung, Vermarktung, Dekompilierung, Demontage, Anwendung von Reverse-Engineering-Techniken oder jede andere Methode zur Erlangung des Quellcodes des Portals sowie die Umgestaltung oder Ver\u00f6ffentlichung beliebiger Ergebnisse eine Verletzung der Rechte des geistigen Eigentums darstellen. Folglich verpflichten sich die Nutzer ausdr\u00fccklich, keine der genannten Handlungen vorzunehmen.<\/p>\n<h2>Datenschutz<\/h2>\n<p><\/p>\n<p><strong>VIRGIN MARKET<\/strong> verpflichtet sich, die jeweils geltenden Vorschriften zum Schutz personenbezogener Daten einzuhalten. Die \u00fcber das Portal von den Nutzern bereitgestellten personenbezogenen Daten werden gem\u00e4\u00df unserer <a href=\"https:\/\/oruslogistics.es\/politica-de-privacidad\/\" target=\"_blank\" rel=\"noopener\">Datenschutzerkl\u00e4rung<\/a> verarbeitet.<\/p>\n<h2>Haftungsbeschr\u00e4nkung<\/h2>\n<p><\/p>\n<p><strong>VIRGIN MARKET<\/strong> haftet nicht f\u00fcr eine etwaige Fehlfunktion des Portals, soweit diese auf Wartungsarbeiten, unternehmensfremde St\u00f6rungen, eine fehlerhafte Konfiguration der Nutzerger\u00e4te oder deren unzureichende Leistungsf\u00e4higkeit zur Unterst\u00fctzung der f\u00fcr die Nutzung des Dienstes erforderlichen IT-Systeme zur\u00fcckzuf\u00fchren ist.<\/p>\n<p><\/p>\n<p><strong>VIRGIN MARKET<\/strong> haftet nicht f\u00fcr Sch\u00e4den jeglicher Art, die aus dem Vorhandensein von Viren oder anderen Elementen entstehen k\u00f6nnen, die Ver\u00e4nderungen an den IT-Systemen der Nutzer, an elektronischen Dokumenten oder an Dateien verursachen k\u00f6nnten.<\/p>\n<h2>Verwendung von Hyperlinks<\/h2>\n<p><\/p>\n<p>Nutzer und allgemein alle Personen, die einen Hyperlink zwischen ihrer Website und dem Portal von <strong>VIRGIN MARKET<\/strong> einrichten m\u00f6chten, m\u00fcssen die folgenden Bedingungen erf\u00fcllen:<\/p>\n<p><\/p>\n<ul>\n<li>Der Hyperlink darf ausschlie\u00dflich den Zugang zur Startseite\/Homepage des Portals erm\u00f6glichen und diese in keiner Weise reproduzieren.<\/li>\n<li>Es d\u00fcrfen keine Frames \u00fcber die Webseiten des Portals gelegt werden.<\/li>\n<li>Es d\u00fcrfen keine falschen, ungenauen oder unrichtigen Angaben \u00fcber <strong>VIRGIN MARKET<\/strong> gemacht werden.<\/li>\n<li>Es darf weder erkl\u00e4rt noch suggeriert werden, dass <strong>VIRGIN MARKET<\/strong> den Hyperlink genehmigt hat oder die auf der verlinkenden Website angebotenen oder bereitgestellten Dienste in irgendeiner Weise \u00fcberwacht oder \u00fcbernommen hat.<\/li>\n<li>Die Website, auf der der Hyperlink eingerichtet wird, darf keine rechtswidrigen Informationen oder Inhalte enthalten, die gegen die Moral, die allgemein anerkannten guten Sitten und die \u00f6ffentliche Ordnung versto\u00dfen, noch Inhalte, die die Rechte Dritter verletzen.<\/li>\n<\/ul>\n<p><\/p>\n<p>Die Einrichtung des Hyperlinks begr\u00fcndet in keinem Fall ein Verh\u00e4ltnis zwischen <strong>VIRGIN MARKET<\/strong> und dem Inhaber der Website, auf der er eingerichtet wird, noch bedeutet sie die Billigung oder Zustimmung von <strong>VIRGIN MARKET<\/strong> zu deren Inhalten oder Diensten.<\/p>\n<h2>\u00c4nderungen<\/h2>\n<p><\/p>\n<p><strong>VIRGIN MARKET<\/strong> beh\u00e4lt sich das Recht vor, ohne vorherige Ank\u00fcndigung diejenigen \u00c4nderungen am Portal vorzunehmen, die es f\u00fcr angemessen h\u00e4lt, und kann dabei sowohl die \u00fcber das Portal bereitgestellten Inhalte und Dienste als auch deren Darstellungsweise oder Positionierung \u00e4ndern, entfernen oder hinzuf\u00fcgen.<\/p>\n<h2>Anwendbares Recht und Gerichtsstand<\/h2>\n<p><\/p>\n<p>Die Nutzung des Portals unterliegt dem spanischen Recht. F\u00fcr alle Streitigkeiten, die im Zusammenhang mit der Nutzung des Portals entstehen k\u00f6nnen, unterwerfen sich sowohl <strong>VIRGIN MARKET<\/strong> als auch die Nutzer \u2013 unter ausdr\u00fccklichem Verzicht auf jeglichen anderen Gerichtsstand, der ihnen zustehen k\u00f6nnte \u2013 den Gerichten und Tribunalen von Almer\u00eda.<\/p>\n[\/vc_column_text][\/vc_column][vc_column column_padding=&#8220;no-extra-padding&#8220; column_padding_tablet=&#8220;inherit&#8220; column_padding_phone=&#8220;inherit&#8220; column_padding_position=&#8220;all&#8220; column_element_direction_desktop=&#8220;default&#8220; column_element_spacing=&#8220;default&#8220; desktop_text_alignment=&#8220;default&#8220; tablet_text_alignment=&#8220;default&#8220; phone_text_alignment=&#8220;default&#8220; background_color_opacity=&#8220;1&#8243; background_hover_color_opacity=&#8220;1&#8243; column_backdrop_filter=&#8220;none&#8220; column_shadow=&#8220;none&#8220; column_border_radius=&#8220;none&#8220; column_link_target=&#8220;_self&#8220; column_position=&#8220;default&#8220; gradient_direction=&#8220;left_to_right&#8220; overlay_strength=&#8220;0.3&#8243; width=&#8220;1\/6&#8243; tablet_width_inherit=&#8220;default&#8220; animation_type=&#8220;default&#8220; bg_image_animation=&#8220;none&#8220; border_type=&#8220;simple&#8220; column_border_width=&#8220;none&#8220; column_border_style=&#8220;solid&#8220;][\/vc_column][\/vc_row]\n","protected":false},"excerpt":{"rendered":"<p>[vc_row type=&#8220;in_container&#8220; full_screen_row_position=&#8220;middle&#8220; column_margin=&#8220;default&#8220; column_direction=&#8220;default&#8220; column_direction_tablet=&#8220;default&#8220; column_direction_phone=&#8220;default&#8220; scene_position=&#8220;center&#8220; text_color=&#8220;dark&#8220; text_align=&#8220;left&#8220; row_border_radius=&#8220;none&#8220; row_border_radius_applies=&#8220;bg&#8220; overflow=&#8220;visible&#8220; overlay_strength=&#8220;0.3&#8243; gradient_direction=&#8220;left_to_right&#8220; shape_divider_position=&#8220;bottom&#8220; bg_image_animation=&#8220;none&#8220;][vc_column column_padding=&#8220;no-extra-padding&#8220; column_padding_tablet=&#8220;inherit&#8220; column_padding_phone=&#8220;inherit&#8220; column_padding_position=&#8220;all&#8220; column_element_direction_desktop=&#8220;default&#8220; column_element_spacing=&#8220;default&#8220; desktop_text_alignment=&#8220;default&#8220; tablet_text_alignment=&#8220;default&#8220; phone_text_alignment=&#8220;default&#8220; background_color_opacity=&#8220;1&#8243; background_hover_color_opacity=&#8220;1&#8243; column_backdrop_filter=&#8220;none&#8220; column_shadow=&#8220;none&#8220;&#8230;<\/p>\n","protected":false},"author":1,"featured_media":0,"parent":0,"menu_order":0,"comment_status":"closed","ping_status":"closed","template":"","meta":{"inline_featured_image":false,"footnotes":""},"class_list":["post-1906","page","type-page","status-publish"],"yoast_head":"<!-- This site is optimized with the Yoast SEO Premium plugin v27.2 (Yoast SEO v27.5) - https:\/\/yoast.com\/product\/yoast-seo-premium-wordpress\/ -->\n<title>Impressum - Orus logistics<\/title>\n<meta name=\"description\" content=\"Erfahren Sie, wer hinter ORUS Logistics steht und welche Nutzungsbedingungen f\u00fcr die Website gelten. Rechtliche Transparenz f\u00fcr Ihre Sicherheit.\" \/>\n<meta name=\"robots\" content=\"index, follow, max-snippet:-1, max-image-preview:large, max-video-preview:-1\" \/>\n<link rel=\"canonical\" href=\"https:\/\/oruslogistics.es\/de\/impressum\/\" \/>\n<meta property=\"og:locale\" content=\"de_DE\" \/>\n<meta property=\"og:type\" content=\"article\" \/>\n<meta property=\"og:title\" content=\"Impressum\" \/>\n<meta property=\"og:description\" content=\"Erfahren Sie, wer hinter ORUS Logistics steht und welche Nutzungsbedingungen f\u00fcr die Website gelten. Rechtliche Transparenz f\u00fcr Ihre Sicherheit.\" \/>\n<meta property=\"og:url\" content=\"https:\/\/oruslogistics.es\/de\/impressum\/\" \/>\n<meta property=\"og:site_name\" content=\"Orus logistics\" \/>\n<meta property=\"article:modified_time\" content=\"2025-10-24T10:57:27+00:00\" \/>\n<meta name=\"twitter:card\" content=\"summary_large_image\" \/>\n<meta name=\"twitter:label1\" content=\"Gesch\u00e4tzte Lesezeit\" \/>\n\t<meta name=\"twitter:data1\" content=\"6\u00a0Minuten\" \/>\n<script type=\"application\/ld+json\" class=\"yoast-schema-graph\">{\"@context\":\"https:\\\/\\\/schema.org\",\"@graph\":[{\"@type\":\"WebPage\",\"@id\":\"https:\\\/\\\/oruslogistics.es\\\/de\\\/impressum\\\/\",\"url\":\"https:\\\/\\\/oruslogistics.es\\\/de\\\/impressum\\\/\",\"name\":\"Impressum - Orus logistics\",\"isPartOf\":{\"@id\":\"https:\\\/\\\/oruslogistics.es\\\/de\\\/#website\"},\"datePublished\":\"2025-07-30T17:23:58+00:00\",\"dateModified\":\"2025-10-24T10:57:27+00:00\",\"description\":\"Erfahren Sie, wer hinter ORUS Logistics steht und welche Nutzungsbedingungen f\u00fcr die Website gelten. Rechtliche Transparenz f\u00fcr Ihre Sicherheit.\",\"breadcrumb\":{\"@id\":\"https:\\\/\\\/oruslogistics.es\\\/de\\\/impressum\\\/#breadcrumb\"},\"inLanguage\":\"de\",\"potentialAction\":[{\"@type\":\"ReadAction\",\"target\":[\"https:\\\/\\\/oruslogistics.es\\\/de\\\/impressum\\\/\"]}]},{\"@type\":\"BreadcrumbList\",\"@id\":\"https:\\\/\\\/oruslogistics.es\\\/de\\\/impressum\\\/#breadcrumb\",\"itemListElement\":[{\"@type\":\"ListItem\",\"position\":1,\"name\":\"Portada\",\"item\":\"https:\\\/\\\/oruslogistics.es\\\/de\\\/\"},{\"@type\":\"ListItem\",\"position\":2,\"name\":\"Impressum\"}]},{\"@type\":\"WebSite\",\"@id\":\"https:\\\/\\\/oruslogistics.es\\\/de\\\/#website\",\"url\":\"https:\\\/\\\/oruslogistics.es\\\/de\\\/\",\"name\":\"Orus logistics\",\"description\":\"\",\"publisher\":{\"@id\":\"https:\\\/\\\/oruslogistics.es\\\/de\\\/#organization\"},\"potentialAction\":[{\"@type\":\"SearchAction\",\"target\":{\"@type\":\"EntryPoint\",\"urlTemplate\":\"https:\\\/\\\/oruslogistics.es\\\/de\\\/?s={search_term_string}\"},\"query-input\":{\"@type\":\"PropertyValueSpecification\",\"valueRequired\":true,\"valueName\":\"search_term_string\"}}],\"inLanguage\":\"de\"},{\"@type\":\"Organization\",\"@id\":\"https:\\\/\\\/oruslogistics.es\\\/de\\\/#organization\",\"name\":\"Orus logistics\",\"url\":\"https:\\\/\\\/oruslogistics.es\\\/de\\\/\",\"logo\":{\"@type\":\"ImageObject\",\"inLanguage\":\"de\",\"@id\":\"https:\\\/\\\/oruslogistics.es\\\/de\\\/#\\\/schema\\\/logo\\\/image\\\/\",\"url\":\"https:\\\/\\\/oruslogistics.es\\\/wp-content\\\/uploads\\\/2025\\\/07\\\/logo-1.webp\",\"contentUrl\":\"https:\\\/\\\/oruslogistics.es\\\/wp-content\\\/uploads\\\/2025\\\/07\\\/logo-1.webp\",\"width\":500,\"height\":250,\"caption\":\"Orus logistics\"},\"image\":{\"@id\":\"https:\\\/\\\/oruslogistics.es\\\/de\\\/#\\\/schema\\\/logo\\\/image\\\/\"}}]}<\/script>\n<!-- \/ Yoast SEO Premium plugin. -->","yoast_head_json":{"title":"Impressum - Orus logistics","description":"Erfahren Sie, wer hinter ORUS Logistics steht und welche Nutzungsbedingungen f\u00fcr die Website gelten. Rechtliche Transparenz f\u00fcr Ihre Sicherheit.","robots":{"index":"index","follow":"follow","max-snippet":"max-snippet:-1","max-image-preview":"max-image-preview:large","max-video-preview":"max-video-preview:-1"},"canonical":"https:\/\/oruslogistics.es\/de\/impressum\/","og_locale":"de_DE","og_type":"article","og_title":"Impressum","og_description":"Erfahren Sie, wer hinter ORUS Logistics steht und welche Nutzungsbedingungen f\u00fcr die Website gelten. Rechtliche Transparenz f\u00fcr Ihre Sicherheit.","og_url":"https:\/\/oruslogistics.es\/de\/impressum\/","og_site_name":"Orus logistics","article_modified_time":"2025-10-24T10:57:27+00:00","twitter_card":"summary_large_image","twitter_misc":{"Gesch\u00e4tzte Lesezeit":"6\u00a0Minuten"},"schema":{"@context":"https:\/\/schema.org","@graph":[{"@type":"WebPage","@id":"https:\/\/oruslogistics.es\/de\/impressum\/","url":"https:\/\/oruslogistics.es\/de\/impressum\/","name":"Impressum - Orus logistics","isPartOf":{"@id":"https:\/\/oruslogistics.es\/de\/#website"},"datePublished":"2025-07-30T17:23:58+00:00","dateModified":"2025-10-24T10:57:27+00:00","description":"Erfahren Sie, wer hinter ORUS Logistics steht und welche Nutzungsbedingungen f\u00fcr die Website gelten. Rechtliche Transparenz f\u00fcr Ihre Sicherheit.","breadcrumb":{"@id":"https:\/\/oruslogistics.es\/de\/impressum\/#breadcrumb"},"inLanguage":"de","potentialAction":[{"@type":"ReadAction","target":["https:\/\/oruslogistics.es\/de\/impressum\/"]}]},{"@type":"BreadcrumbList","@id":"https:\/\/oruslogistics.es\/de\/impressum\/#breadcrumb","itemListElement":[{"@type":"ListItem","position":1,"name":"Portada","item":"https:\/\/oruslogistics.es\/de\/"},{"@type":"ListItem","position":2,"name":"Impressum"}]},{"@type":"WebSite","@id":"https:\/\/oruslogistics.es\/de\/#website","url":"https:\/\/oruslogistics.es\/de\/","name":"Orus logistics","description":"","publisher":{"@id":"https:\/\/oruslogistics.es\/de\/#organization"},"potentialAction":[{"@type":"SearchAction","target":{"@type":"EntryPoint","urlTemplate":"https:\/\/oruslogistics.es\/de\/?s={search_term_string}"},"query-input":{"@type":"PropertyValueSpecification","valueRequired":true,"valueName":"search_term_string"}}],"inLanguage":"de"},{"@type":"Organization","@id":"https:\/\/oruslogistics.es\/de\/#organization","name":"Orus logistics","url":"https:\/\/oruslogistics.es\/de\/","logo":{"@type":"ImageObject","inLanguage":"de","@id":"https:\/\/oruslogistics.es\/de\/#\/schema\/logo\/image\/","url":"https:\/\/oruslogistics.es\/wp-content\/uploads\/2025\/07\/logo-1.webp","contentUrl":"https:\/\/oruslogistics.es\/wp-content\/uploads\/2025\/07\/logo-1.webp","width":500,"height":250,"caption":"Orus logistics"},"image":{"@id":"https:\/\/oruslogistics.es\/de\/#\/schema\/logo\/image\/"}}]}},"_links":{"self":[{"href":"https:\/\/oruslogistics.es\/de\/wp-json\/wp\/v2\/pages\/1906","targetHints":{"allow":["GET"]}}],"collection":[{"href":"https:\/\/oruslogistics.es\/de\/wp-json\/wp\/v2\/pages"}],"about":[{"href":"https:\/\/oruslogistics.es\/de\/wp-json\/wp\/v2\/types\/page"}],"author":[{"embeddable":true,"href":"https:\/\/oruslogistics.es\/de\/wp-json\/wp\/v2\/users\/1"}],"replies":[{"embeddable":true,"href":"https:\/\/oruslogistics.es\/de\/wp-json\/wp\/v2\/comments?post=1906"}],"version-history":[{"count":0,"href":"https:\/\/oruslogistics.es\/de\/wp-json\/wp\/v2\/pages\/1906\/revisions"}],"wp:attachment":[{"href":"https:\/\/oruslogistics.es\/de\/wp-json\/wp\/v2\/media?parent=1906"}],"curies":[{"name":"wp","href":"https:\/\/api.w.org\/{rel}","templated":true}]}}